{"id":16703,"date":"2023-03-17T15:27:11","date_gmt":"2023-03-17T15:27:11","guid":{"rendered":"https:\/\/municipalidadalhue.cl\/portal\/?page_id=16703"},"modified":"2023-03-17T15:27:11","modified_gmt":"2023-03-17T15:27:11","slug":"nuestro-municipio-obtuvo-la-certificacion-ambiental-del-sistema-scam","status":"publish","type":"page","link":"https:\/\/municipalidadalhue.cl\/portal\/nuestro-municipio-obtuvo-la-certificacion-ambiental-del-sistema-scam\/","title":{"rendered":"Nuestro municipio obtuvo la Certificaci\u00f3n Ambiental del Sistema SCAM"},"content":{"rendered":"<p>La Ilustre Municipalidad de Alhu\u00e9 es uno de los 27 municipios que recibieron la Certificaci\u00f3n Ambiental del Sistema de Certificaci\u00f3n #SCAM del Ministerio del Medio Ambiente.<\/p>\n<p>Este logro, que la sit\u00faa en el nivel B\u00e1sico de reconocimiento, la convierte en un referente para otros municipios de la Regi\u00f3n Metropolitana, que se inician en la gesti\u00f3n ambiental.<\/p>\n<p>En esta destacada jornada, la SEREMI de Medio Ambiente, Sonia Reyes, entreg\u00f3 el diploma de reconocimiento a la encargada de Medio Ambiente de nuestro municipio, Catalina Astudillo, quien manifest\u00f3 su alegr\u00eda al alcanzar esta certificaci\u00f3n, recalcando la relevancia de este logro para la comuna y su compromiso por proteger el medio ambiente.<\/p>\n<div id='gallery-1' class='gallery galleryid-16703 gallery-columns-3 gallery-size-thumbnail'><figure class='gallery-item'>\n\t\t\t<div class='gallery-icon landscape'>\n\t\t\t\t<a href='https:\/\/municipalidadalhue.cl\/portal\/nuestro-municipio-obtuvo-la-certificacion-ambiental-del-sistema-scam\/1-53\/'><img fetchpriority=\"high\" decoding=\"async\" width=\"500\" height=\"280\" src=\"https:\/\/municipalidadalhue.cl\/portal\/wp-content\/uploads\/2023\/03\/1-1-500x280.jpeg\" class=\"attachment-thumbnail size-thumbnail\" alt=\"\" \/><\/a>\n\t\t\t<\/div><\/figure><figure class='gallery-item'>\n\t\t\t<div class='gallery-icon landscape'>\n\t\t\t\t<a href='https:\/\/municipalidadalhue.cl\/portal\/nuestro-municipio-obtuvo-la-certificacion-ambiental-del-sistema-scam\/335926607_733615301805019_3434237388385604854_n\/'><img decoding=\"async\" width=\"500\" height=\"280\" src=\"https:\/\/municipalidadalhue.cl\/portal\/wp-content\/uploads\/2023\/03\/335926607_733615301805019_3434237388385604854_n-500x280.jpg\" class=\"attachment-thumbnail size-thumbnail\" alt=\"\" \/><\/a>\n\t\t\t<\/div><\/figure><figure class='gallery-item'>\n\t\t\t<div class='gallery-icon landscape'>\n\t\t\t\t<a href='https:\/\/municipalidadalhue.cl\/portal\/nuestro-municipio-obtuvo-la-certificacion-ambiental-del-sistema-scam\/336106734_1758695494533020_5134124295985176375_n\/'><img decoding=\"async\" width=\"500\" height=\"280\" src=\"https:\/\/municipalidadalhue.cl\/portal\/wp-content\/uploads\/2023\/03\/336106734_1758695494533020_5134124295985176375_n-500x280.jpg\" class=\"attachment-thumbnail size-thumbnail\" alt=\"\" \/><\/a>\n\t\t\t<\/div><\/figure><figure class='gallery-item'>\n\t\t\t<div class='gallery-icon landscape'>\n\t\t\t\t<a href='https:\/\/municipalidadalhue.cl\/portal\/nuestro-municipio-obtuvo-la-certificacion-ambiental-del-sistema-scam\/336386696_209781714971587_2608646538481228404_n\/'><img loading=\"lazy\" decoding=\"async\" width=\"500\" height=\"280\" src=\"https:\/\/municipalidadalhue.cl\/portal\/wp-content\/uploads\/2023\/03\/336386696_209781714971587_2608646538481228404_n-500x280.jpg\" class=\"attachment-thumbnail size-thumbnail\" alt=\"\" \/><\/a>\n\t\t\t<\/div><\/figure><figure class='gallery-item'>\n\t\t\t<div class='gallery-icon landscape'>\n\t\t\t\t<a href='https:\/\/municipalidadalhue.cl\/portal\/nuestro-municipio-obtuvo-la-certificacion-ambiental-del-sistema-scam\/whatsapp-image-2023-03-16-at-16-03-43\/'><img loading=\"lazy\" decoding=\"async\" width=\"500\" height=\"280\" src=\"https:\/\/municipalidadalhue.cl\/portal\/wp-content\/uploads\/2023\/03\/WhatsApp-Image-2023-03-16-at-16.03.43-500x280.jpeg\" class=\"attachment-thumbnail size-thumbnail\" alt=\"\" \/><\/a>\n\t\t\t<\/div><\/figure><figure class='gallery-item'>\n\t\t\t<div class='gallery-icon portrait'>\n\t\t\t\t<a href='https:\/\/municipalidadalhue.cl\/portal\/nuestro-municipio-obtuvo-la-certificacion-ambiental-del-sistema-scam\/whatsapp-image-2023-03-16-at-16-03-44-1\/'><img loading=\"lazy\" decoding=\"async\" width=\"500\" height=\"280\" src=\"https:\/\/municipalidadalhue.cl\/portal\/wp-content\/uploads\/2023\/03\/WhatsApp-Image-2023-03-16-at-16.03.44-1-500x280.jpeg\" class=\"attachment-thumbnail size-thumbnail\" alt=\"\" \/><\/a>\n\t\t\t<\/div><\/figure><figure class='gallery-item'>\n\t\t\t<div class='gallery-icon portrait'>\n\t\t\t\t<a href='https:\/\/municipalidadalhue.cl\/portal\/nuestro-municipio-obtuvo-la-certificacion-ambiental-del-sistema-scam\/whatsapp-image-2023-03-16-at-16-03-45-2\/'><img loading=\"lazy\" decoding=\"async\" width=\"500\" height=\"280\" src=\"https:\/\/municipalidadalhue.cl\/portal\/wp-content\/uploads\/2023\/03\/WhatsApp-Image-2023-03-16-at-16.03.45-2-500x280.jpeg\" class=\"attachment-thumbnail size-thumbnail\" alt=\"\" \/><\/a>\n\t\t\t<\/div><\/figure><figure class='gallery-item'>\n\t\t\t<div class='gallery-icon landscape'>\n\t\t\t\t<a href='https:\/\/municipalidadalhue.cl\/portal\/nuestro-municipio-obtuvo-la-certificacion-ambiental-del-sistema-scam\/whatsapp-image-2023-03-16-at-16-03-45\/'><img loading=\"lazy\" decoding=\"async\" width=\"500\" height=\"280\" src=\"https:\/\/municipalidadalhue.cl\/portal\/wp-content\/uploads\/2023\/03\/WhatsApp-Image-2023-03-16-at-16.03.45-500x280.jpeg\" class=\"attachment-thumbnail size-thumbnail\" alt=\"\" \/><\/a>\n\t\t\t<\/div><\/figure><figure class='gallery-item'>\n\t\t\t<div class='gallery-icon portrait'>\n\t\t\t\t<a href='https:\/\/municipalidadalhue.cl\/portal\/nuestro-municipio-obtuvo-la-certificacion-ambiental-del-sistema-scam\/whatsapp-image-2023-03-16-at-16-03-46\/'><img loading=\"lazy\" decoding=\"async\" width=\"500\" height=\"280\" src=\"https:\/\/municipalidadalhue.cl\/portal\/wp-content\/uploads\/2023\/03\/WhatsApp-Image-2023-03-16-at-16.03.46-500x280.jpeg\" class=\"attachment-thumbnail size-thumbnail\" alt=\"\" \/><\/a>\n\t\t\t<\/div><\/figure>\n\t\t<\/div>\n\n","protected":false},"excerpt":{"rendered":"<p>La Ilustre Municipalidad de Alhu\u00e9 es uno de los 27 municipios que recibieron la Certificaci\u00f3n Ambiental del Sistema de Certificaci\u00f3n #SCAM del Ministerio del Medio Ambiente. Este logro, que la sit\u00faa en el nivel B\u00e1sico de reconocimiento, la convierte en un referente para otros municipios de la Regi\u00f3n Metropolitana, que se inician en la gesti\u00f3n ambiental. En esta destacada jornada, la SEREMI de Medio Ambiente, Sonia Reyes, entreg\u00f3 el diploma de reconocimiento a la encargada de Medio Ambiente de nuestro municipio, Catalina Astudillo, quien manifest\u00f3 su alegr\u00eda al alcanzar esta&hellip;<\/p>\n","protected":false},"author":1,"featured_media":16704,"parent":0,"menu_order":0,"comment_status":"closed","ping_status":"closed","template":"","meta":{"footnotes":""},"class_list":["post-16703","page","type-page","status-publish","has-post-thumbnail","hentry"],"_links":{"self":[{"href":"https:\/\/municipalidadalhue.cl\/portal\/wp-json\/wp\/v2\/pages\/16703","targetHints":{"allow":["GET"]}}],"collection":[{"href":"https:\/\/municipalidadalhue.cl\/portal\/wp-json\/wp\/v2\/pages"}],"about":[{"href":"https:\/\/municipalidadalhue.cl\/portal\/wp-json\/wp\/v2\/types\/page"}],"author":[{"embeddable":true,"href":"https:\/\/municipalidadalhue.cl\/portal\/wp-json\/wp\/v2\/users\/1"}],"replies":[{"embeddable":true,"href":"https:\/\/municipalidadalhue.cl\/portal\/wp-json\/wp\/v2\/comments?post=16703"}],"version-history":[{"count":0,"href":"https:\/\/municipalidadalhue.cl\/portal\/wp-json\/wp\/v2\/pages\/16703\/revisions"}],"wp:featuredmedia":[{"embeddable":true,"href":"https:\/\/municipalidadalhue.cl\/portal\/wp-json\/wp\/v2\/media\/16704"}],"wp:attachment":[{"href":"https:\/\/municipalidadalhue.cl\/portal\/wp-json\/wp\/v2\/media?parent=16703"}],"curies":[{"name":"wp","href":"https:\/\/api.w.org\/{rel}","templated":true}]}}