{"id":215,"date":"2013-08-05T01:10:00","date_gmt":"2013-08-05T01:10:00","guid":{"rendered":"http:\/\/municipalidadalhue.cl\/portal\/?page_id=215"},"modified":"2025-08-20T14:21:14","modified_gmt":"2025-08-20T14:21:14","slug":"concejo-municipal","status":"publish","type":"page","link":"https:\/\/municipalidadalhue.cl\/portal\/concejo-municipal\/","title":{"rendered":"Honorable Concejo Municipal"},"content":{"rendered":"<h2 style=\"text-align: left;\"><strong>Per\u00edodo 2024 \/\/ 2028<\/strong><\/h2>\n<h2 style=\"text-align: left;\"><strong><a href=\"https:\/\/municipalidadalhue.cl\/portal\/wp-content\/uploads\/2024\/12\/1-1-scaled.jpg\"><img fetchpriority=\"high\" decoding=\"async\" class=\"alignnone size-medium wp-image-18723\" src=\"https:\/\/municipalidadalhue.cl\/portal\/wp-content\/uploads\/2024\/12\/1-1-548x365.jpg\" alt=\"\" width=\"548\" height=\"365\" srcset=\"https:\/\/municipalidadalhue.cl\/portal\/wp-content\/uploads\/2024\/12\/1-1-548x365.jpg 548w, https:\/\/municipalidadalhue.cl\/portal\/wp-content\/uploads\/2024\/12\/1-1-840x560.jpg 840w, https:\/\/municipalidadalhue.cl\/portal\/wp-content\/uploads\/2024\/12\/1-1-768x512.jpg 768w, https:\/\/municipalidadalhue.cl\/portal\/wp-content\/uploads\/2024\/12\/1-1-1536x1024.jpg 1536w, https:\/\/municipalidadalhue.cl\/portal\/wp-content\/uploads\/2024\/12\/1-1-2048x1365.jpg 2048w\" sizes=\"(max-width: 548px) 100vw, 548px\" \/><\/a>\u00a0 \u00a0 \u00a0 \u00a0 \u00a0 \u00a0 \u00a0 \u00a0 \u00a0 \u00a0 \u00a0 \u00a0 \u00a0\u00a0<\/strong><\/h2>\n<ul>\n<li style=\"text-align: left;\">Manuel Gonz\u00e1lez Araya<\/li>\n<li>Alex Riquelme Tarife\u00f1o<\/li>\n<li>Nancy Cerda Madrid<\/li>\n<li>Fidel Valenzuela Madrid<\/li>\n<li>Leonel Acevedo Irraz\u00e1bal<\/li>\n<li>Mat\u00edas Valenzuela Catal\u00e1n<\/li>\n<\/ul>\n<p><strong><span style=\"text-align: justify;\">Seg\u00fan Ley 18.695 de Municipalidades, al Concejo le corresponder\u00e1:<\/span><\/strong><\/p>\n<ul>\n<li>Elegir al Alcalde en caso de vacancia, de acuerdo con lo dispuesto en el art\u00edculo 62, para este efecto el concejal deber\u00e1 acreditar cumplir con los requisitos especificados en el inciso segundo del art\u00edculo 57.<\/li>\n<li>Pronunciarse sobre las materias que enumera el art\u00edculo 65 de esta Ley.<\/li>\n<li>Fiscalizar el cumplimiento de los planes y programas de inversi\u00f3n municipales y la ejecuci\u00f3n del presupuesto municipal;<\/li>\n<li>Fiscalizar las actuaciones del alcalde y formular le las observaciones que le merezcan, las que deber\u00e1n ser respondidas por escrito dentro del plazo m\u00e1ximo de veinte d\u00edas.<\/li>\n<li>Pronunciarse respecto de los motivos de renuncia a los cargos de Alcalde y de Concejal.<\/li>\n<li>Aprobar la participaci\u00f3n municipal en asociaciones, corporaciones o fundaciones.<\/li>\n<li>Recomendar al Alcalde prioridades en la formulaci\u00f3n y ejecuci\u00f3n de proyectos espec\u00edficos y medidas concretas de desarrollo comunal.<\/li>\n<li>Citar o pedir informaci\u00f3n, a trav\u00e9s del Alcalde, a los organismos o funcionarios municipales cuando lo estime necesario para pronunciarse sobre las materias de su competencia.<\/li>\n<li>La facultad de solicitar informaci\u00f3n, la tendr\u00e1 tambi\u00e9n cualquier Concejal, y que deber\u00e1 formalizarse por escrito al Honorable Concejo. El Alcalde estar\u00e1 obligado a responder el informe en un plazo no mayor de veinte d\u00edas.<\/li>\n<li>Elegir, en un s\u00f3lo acto, a los integrantes del directorio que le corresponda designar a la municipalidad en cada corporaci\u00f3n o fundaci\u00f3n en que tenga participaci\u00f3n, cualquiera sea el car\u00e1cter de \u00e9sta o aqu\u00e9lla. Estos directores informar\u00e1n al Concejo acerca de su gesti\u00f3n, como asimismo acerca de la marcha de la corporaci\u00f3n o fundaci\u00f3n de cuyo directorio formen parte.<\/li>\n<li>Solicitar informe a las empresas, corporaciones o fundaciones municipales, y a las entidades que reciban aportes o subvenciones de la municipalidad. En este \u00faltimo caso, la materia del informe s\u00f3lo podr\u00e1 consistir en el destino dado a los aportes o subvenciones municipales percibidos.<\/li>\n<li>Otorgar su acuerdo para la asignaci\u00f3n y cambio de denominaci\u00f3n de los bienes municipales y nacionales de uso p\u00fablico bajo su administraci\u00f3n, como asimismo, de poblaciones, barrios y conjuntos\u00a0\u00a0habitacionales del territorio comunal.<\/li>\n<li>Fiscalizar las unidades y servicios municipales.<\/li>\n<li>Autorizar los cometidos del Alcalde y de los Concejales que signifiquen ausentarse del territorio nacional. Requerir\u00e1n tambi\u00e9n autorizaci\u00f3n los cometidos del Alcalde y de los Concejales que se realicen fuera del territorio de la comuna por m\u00e1s de diez d\u00edas.<\/li>\n<li>Supervisar el cumplimiento del plan comunal de desarrollo.<\/li>\n<\/ul>\n<p style=\"text-align: justify;\">Lo anterior es sin perjuicio de las dem\u00e1s atribuciones y funciones que otorga la Ley al Honorable Concejo Municipal.<\/p>\n<p><strong>Contacto correos electr\u00f3nicos: <\/strong><\/p>\n<p>manuelgo@comunaalhue.cl<\/p>\n<p>alexri@comunaalhue.cl<\/p>\n<p>nancyce@comunaalhue.cl<\/p>\n<p>fidelva@comunaalhue.cl<\/p>\n<p>leonelac@comunaalhue.cl<\/p>\n<p>matiasva@comunaalhue.cl<\/p>\n<p>concejales@comunaalhue.cl<\/p>\n","protected":false},"excerpt":{"rendered":"<p>Per\u00edodo 2024 \/\/ 2028 \u00a0 \u00a0 \u00a0 \u00a0 \u00a0 \u00a0 \u00a0 \u00a0 \u00a0 \u00a0 \u00a0 \u00a0 \u00a0\u00a0 Manuel Gonz\u00e1lez Araya Alex Riquelme Tarife\u00f1o Nancy Cerda Madrid Fidel Valenzuela Madrid Leonel Acevedo Irraz\u00e1bal Mat\u00edas Valenzuela Catal\u00e1n Seg\u00fan Ley 18.695 de Municipalidades, al Concejo le corresponder\u00e1: Elegir al Alcalde en caso de vacancia, de acuerdo con lo dispuesto en el art\u00edculo 62, para este efecto el concejal deber\u00e1 acreditar cumplir con los requisitos especificados en el inciso segundo del art\u00edculo 57. Pronunciarse sobre las materias que enumera el art\u00edculo 65 de esta&hellip;<\/p>\n","protected":false},"author":1,"featured_media":0,"parent":0,"menu_order":0,"comment_status":"closed","ping_status":"open","template":"","meta":{"footnotes":""},"class_list":["post-215","page","type-page","status-publish","hentry"],"_links":{"self":[{"href":"https:\/\/municipalidadalhue.cl\/portal\/wp-json\/wp\/v2\/pages\/215","targetHints":{"allow":["GET"]}}],"collection":[{"href":"https:\/\/municipalidadalhue.cl\/portal\/wp-json\/wp\/v2\/pages"}],"about":[{"href":"https:\/\/municipalidadalhue.cl\/portal\/wp-json\/wp\/v2\/types\/page"}],"author":[{"embeddable":true,"href":"https:\/\/municipalidadalhue.cl\/portal\/wp-json\/wp\/v2\/users\/1"}],"replies":[{"embeddable":true,"href":"https:\/\/municipalidadalhue.cl\/portal\/wp-json\/wp\/v2\/comments?post=215"}],"version-history":[{"count":4,"href":"https:\/\/municipalidadalhue.cl\/portal\/wp-json\/wp\/v2\/pages\/215\/revisions"}],"predecessor-version":[{"id":19678,"href":"https:\/\/municipalidadalhue.cl\/portal\/wp-json\/wp\/v2\/pages\/215\/revisions\/19678"}],"wp:attachment":[{"href":"https:\/\/municipalidadalhue.cl\/portal\/wp-json\/wp\/v2\/media?parent=215"}],"curies":[{"name":"wp","href":"https:\/\/api.w.org\/{rel}","templated":true}]}}