{"id":217,"date":"2013-08-05T01:13:17","date_gmt":"2013-08-05T01:13:17","guid":{"rendered":"http:\/\/municipalidadalhue.cl\/portal\/?page_id=217"},"modified":"2024-12-09T19:26:34","modified_gmt":"2024-12-09T19:26:34","slug":"tesoreria","status":"publish","type":"page","link":"https:\/\/municipalidadalhue.cl\/portal\/tesoreria\/","title":{"rendered":"Tesorer\u00eda"},"content":{"rendered":"<table style=\"height: 77px;\" width=\"480\">\n<tbody>\n<tr>\n<td><strong>Tesorero Municipal <\/strong><\/td>\n<td>Joselyn Sepulveda<\/td>\n<td>Tesoreria@comunaalhue.cl<\/td>\n<\/tr>\n<tr>\n<td><strong>Secretaria Unidad De Tesoreria<\/strong><\/td>\n<td>Luz Villalobos<\/td>\n<td>Tesoreria@comunaalhue.cl<\/td>\n<\/tr>\n<\/tbody>\n<\/table>\n<p><strong>Fono:<\/strong>\u00a0 9 84499065<\/p>\n<p><strong>Qu\u00e9 hacemos:<\/strong><\/p>\n<p>Planificar, organizar, dirigir, coordinar y controlar las actividades inherentes a la Unidad respondiendo de ello a su superior directo y velando por la coherencia de la acci\u00f3n de \u00e9sta con las dem\u00e1s Unidades y en especial, aquellas de las que depende.<\/p>\n<p>Velar por el oportuno cumplimiento en los plazos de informaci\u00f3n solicitada por las unidades funcionales del Municipio.<\/p>\n<ul>\n<li>Efectuar los pagos municipales, manejar la cuenta bancaria respectiva y rendir cuentas a la Contralor\u00eda General de la Rep\u00fablica,<\/li>\n<li>Estudiar y solicitar al Jefe del Departamento de Ingresos las modificaciones pertinentes del movimiento de los fondos mensuales;<\/li>\n<li>Manejar las cuentas corrientes bancarias seg\u00fan instrucciones emanadas por la Contralor\u00eda General de la Rep\u00fablica y organismos pertinentes para la administraci\u00f3n de fondos especiales, efectuando su correspondiente control y conciliaci\u00f3n peri\u00f3dica;<\/li>\n<li>Custodiar los dineros en efectivo existentes en caja, y exigir las rendiciones de cuentas a quienes corresponda;<\/li>\n<li>Llevar el registro y control de todos los fondos externos que ingresen al municipio, informando a las unidades correspondientes;<\/li>\n<li>Implementar los mecanismos apropiados para el recaudo de los tributos y otros ingresos municipales;<\/li>\n<li>Aplicar mecanismos de informaci\u00f3n a los contribuyentes sobre los sistemas de pagos de tributos y derechos municipales;<\/li>\n<li>Efectuar la custodia de toda clase de instrumentos de garant\u00eda, extendidas a favor de la municipalidad;<\/li>\n<li>Requerir la compra de las especies valoradas municipales a la Casa de Moneda;<\/li>\n<li>Depositar en las cuentas corrientes autorizadas del Banco respectivo los fondos recaudados;<\/li>\n<li>Implementar y coordinar la instalaci\u00f3n de cajas recaudadoras en los lugares y por el tiempo que sean necesarias, para los objetivos del municipio;<\/li>\n<li>Efectuar la rendici\u00f3n mensual de cuentas de la Caja municipal, al Jefe del Departamento de Ingresos, con sus ajustes y conciliaciones bancarias;<\/li>\n<li>Remitir, diariamente, al Jefe del Departamento de Ingresos, el Estado de Movimiento de Fondos;<\/li>\n<li>Conservar y custodiar los fondos recaudados, las especies valoradas y dem\u00e1s valores municipales;<\/li>\n<li>Vender las especies valoradas municipales y otras que determine la autoridad, a los usuarios;<\/li>\n<li>Debe efectuar la cobranza de impuestos y derechos municipales morosos;<\/li>\n<li>Recaudar en fondos de terceros, productos de pago en consignaci\u00f3n de letras de cambio, dep\u00f3sitos para responder a multas, etc.;<\/li>\n<li>Revisar peri\u00f3dicamente los sistemas de recaudaci\u00f3n de ingresos, verificando su correcto empleo y proponiendo a la administraci\u00f3n las modificaciones necesarias que tiendan a su optimizaci\u00f3n;<\/li>\n<li>Desarrollar programas de captaci\u00f3n de mayores ingresos municipales y reducci\u00f3n de gastos, presentarlos para aprobaci\u00f3n del Jefe del Departamento de Ingresos y efectuar su ejecuci\u00f3n;<\/li>\n<li>Dar disponibilidad financiera a los decretos de pago, certificando la existencia de recursos en la cuenta corriente municipal;<\/li>\n<li>Medir la eficiencia en las labores del personal de su unidad;<\/li>\n<li>Firmar los actos administrativos que le haya delegado la Alcalde mediante Decreto Alcaldicio;<\/li>\n<li>Emitir los informes t\u00e9cnicos que le sean requeridos, en los plazos solicitados;<\/li>\n<li>Cumplir las dem\u00e1s funciones que la Ley o su superior directo le encomiende.<\/li>\n<\/ul>\n","protected":false},"excerpt":{"rendered":"<p>Tesorero Municipal Joselyn Sepulveda Tesoreria@comunaalhue.cl Secretaria Unidad De Tesoreria Luz Villalobos Tesoreria@comunaalhue.cl Fono:\u00a0 9 84499065 Qu\u00e9 hacemos: Planificar, organizar, dirigir, coordinar y controlar las actividades inherentes a la Unidad respondiendo de ello a su superior directo y velando por la coherencia de la acci\u00f3n de \u00e9sta con las dem\u00e1s Unidades y en especial, aquellas de las que depende. Velar por el oportuno cumplimiento en los plazos de informaci\u00f3n solicitada por las unidades funcionales del Municipio. Efectuar los pagos municipales, manejar la cuenta bancaria respectiva y rendir cuentas a la Contralor\u00eda&hellip;<\/p>\n","protected":false},"author":1,"featured_media":0,"parent":0,"menu_order":0,"comment_status":"closed","ping_status":"open","template":"","meta":{"footnotes":""},"class_list":["post-217","page","type-page","status-publish","hentry"],"_links":{"self":[{"href":"https:\/\/municipalidadalhue.cl\/portal\/wp-json\/wp\/v2\/pages\/217","targetHints":{"allow":["GET"]}}],"collection":[{"href":"https:\/\/municipalidadalhue.cl\/portal\/wp-json\/wp\/v2\/pages"}],"about":[{"href":"https:\/\/municipalidadalhue.cl\/portal\/wp-json\/wp\/v2\/types\/page"}],"author":[{"embeddable":true,"href":"https:\/\/municipalidadalhue.cl\/portal\/wp-json\/wp\/v2\/users\/1"}],"replies":[{"embeddable":true,"href":"https:\/\/municipalidadalhue.cl\/portal\/wp-json\/wp\/v2\/comments?post=217"}],"version-history":[{"count":2,"href":"https:\/\/municipalidadalhue.cl\/portal\/wp-json\/wp\/v2\/pages\/217\/revisions"}],"predecessor-version":[{"id":18726,"href":"https:\/\/municipalidadalhue.cl\/portal\/wp-json\/wp\/v2\/pages\/217\/revisions\/18726"}],"wp:attachment":[{"href":"https:\/\/municipalidadalhue.cl\/portal\/wp-json\/wp\/v2\/media?parent=217"}],"curies":[{"name":"wp","href":"https:\/\/api.w.org\/{rel}","templated":true}]}}