{"id":221,"date":"2013-08-05T01:15:58","date_gmt":"2013-08-05T01:15:58","guid":{"rendered":"http:\/\/municipalidadalhue.cl\/portal\/?page_id=221"},"modified":"2025-10-02T19:37:17","modified_gmt":"2025-10-02T19:37:17","slug":"salud","status":"publish","type":"page","link":"https:\/\/municipalidadalhue.cl\/portal\/salud\/","title":{"rendered":"Departamento de Salud"},"content":{"rendered":"<h2>Directivos:<\/h2>\n<table style=\"height: 542px;\" width=\"753\">\n<tbody>\n<tr>\n<td><span style=\"color: #000000;\"><strong>Director:<\/strong><\/span><\/td>\n<td>Gabriel Jim\u00e9nez Caama\u00f1o<\/td>\n<td><span style=\"color: #000000;\"><strong>director.salud@comunaalhue.cl<\/strong><\/span><\/td>\n<\/tr>\n<tr>\n<td><span style=\"color: #000000;\"><strong>Secretaria:<\/strong><\/span><\/td>\n<td><span style=\"color: #000000;\">\u00a0Maria Soledad\u00a0 Mart\u00ednez Contreras<\/span><\/td>\n<td><span style=\"color: #000000;\"><strong>departamento.salud@comunaalhue.cl<\/strong><\/span><\/td>\n<\/tr>\n<tr>\n<td><span style=\"color: #000000;\"><strong>Sub direcci\u00f3n t\u00e9cnica:<\/strong><\/span><\/td>\n<td><span style=\"color: #000000;\">Catalina Aguayo Lorca<\/span><\/td>\n<td>Saludalhue.some@gmail.com<\/td>\n<\/tr>\n<tr>\n<td><span style=\"color: #000000;\"><strong>Subdirecci\u00f3n Administrativa:<\/strong><\/span><\/td>\n<td><span style=\"color: #000000;\">Pur\u00edsima L\u00f3pez Cisternas<\/span><\/td>\n<td><span style=\"color: #000000;\"><strong>departamento.salud@comunaalhue.cl<\/strong><\/span><\/td>\n<\/tr>\n<tr>\n<td><span style=\"color: #000000;\"><strong>Directora CECOSF Hacienda Alhu\u00e9<\/strong><\/span><\/td>\n<td>Denise Ruz L\u00f3pez<\/td>\n<td><span style=\"color: #000000;\">cecosf@comunaalhue.cl<\/span><\/td>\n<\/tr>\n<tr>\n<td><\/td>\n<td><\/td>\n<td><\/td>\n<\/tr>\n<tr>\n<td><\/td>\n<td><\/td>\n<td><\/td>\n<\/tr>\n<tr>\n<td><\/td>\n<td><\/td>\n<td><\/td>\n<\/tr>\n<tr>\n<td><\/td>\n<td><\/td>\n<td><\/td>\n<\/tr>\n<\/tbody>\n<\/table>\n<p><strong>MISI\u00d3N:<\/strong><\/p>\n<p>\u201cSomos un sistema de salud primaria municipal docente asistencial, con enfoque familiar y comunitario, que acoge, gu\u00eda y acompa\u00f1a a las familias durante todas las etapas de su ciclo vital, interviniendo adem\u00e1s en el proceso de salud-enfermedad, otorgando una atenci\u00f3n de calidad, oportuna, participativa, equitativa e inclusiva, en un ambiente de respeto y dignidad\u201d.<\/p>\n<p><strong>VISI\u00d3N:\u00a0<\/strong><\/p>\n<p>\u201cSer reconocidos como una red de salud comuna de excelencia, basando sus acciones en altos est\u00e1ndares de calidad, sostenidos en la equidad, respeto e integraci\u00f3n\u201d<\/p>\n<p><strong>VALORES:<\/strong><\/p>\n<p>Calidad, Empat\u00eda, Lealtad, Humanizaci\u00f3n, Integraci\u00f3n, Compromiso, Disciplina, Solidaridad y Trabajo en Equipo.<\/p>\n<p><strong>Que Hacemos<\/strong><\/p>\n<p>La direcci\u00f3n del Departamento de Salud de Alhu\u00e9 elabora planes de trabajo\u00a0 que definen y gu\u00edan a los equipos, esto de acuerdo con la visi\u00f3n y misi\u00f3n institucional regulada por normativas t\u00e9cnicas que establece el estatuto de Atenci\u00f3n Primaria y la Ilustre Municipalidad a trav\u00e9s, de su plan de desarrollo comunal (PLADECO)<\/p>\n<p>Para el a\u00f1o 2020 quiere dar un vuelco a las estrategias de trabajo implementando una nueva mirada donde sus objetivos se centrar\u00e1n en tres dimensiones fundamentales del modelo de salud como lo son:<\/p>\n<ol>\n<li>La mejora continua de la calidad en atenci\u00f3n.<\/li>\n<li>Promoci\u00f3n de salud y participaci\u00f3n social.<\/li>\n<li>Consolidaci\u00f3n del modelo de salud integral con enfoque familiar y comunitario.<\/li>\n<\/ol>\n<ul>\n<li><strong>Centro de salud Familiar Villa Alhu\u00e9<\/strong><\/li>\n<\/ul>\n<p>Fono: 226125223, 226125224, 226125226<\/p>\n<div style=\"text-align: left;\">\u00a0 \u00a0 \u00a0 \u00a0 \u00a0 Some Cesfam 942273176<\/div>\n<div>\u00a0 \u00a0 \u00a0 \u00a0 \u00a0 Servicio de urgencia; 942273174<\/div>\n<div>\u00a0 \u00a0 \u00a0 \u00a0 \u00a0 Direcci\u00f3n 226125201<\/div>\n<ul>\n<li><strong>Admisi\u00f3n Servicio de Urgencias<\/strong><\/li>\n<\/ul>\n<div>Fono: 226125225<\/div>\n<ul>\n<li><strong>Oficina de Informaciones, Reclamos y Sugerencias<\/strong><\/li>\n<\/ul>\n<p>Fono: 226125222<\/p>\n<p>Email: oirs.saludalhue@gmail.com<\/p>\n<ul>\n<li><span style=\"color: #000000;\"><strong>Cecosf Hacienda Alhu\u00e9<\/strong><\/span><\/li>\n<\/ul>\n<p>Fono: 964573198<\/p>\n<ul>\n<li><strong>Posta de Salud Rural El Asiento<\/strong><\/li>\n<\/ul>\n<p>Fono:\u00a0 942273172<\/p>\n<ul>\n<li><strong>Centro Comunitario de Rehabilitaci\u00f3n.<\/strong><\/li>\n<\/ul>\n<p>Fono: 998310617<\/p>\n<ul>\n<li><strong>Posta de Salud rural Pichi<\/strong><\/li>\n<\/ul>\n<p>Fono: 942273169<\/p>\n<ul>\n<li><strong>Estaci\u00f3n M\u00e9dica Rural Hijuelas de Pincha<\/strong><\/li>\n<\/ul>\n<p>Fono : 935858299<\/p>\n<ul>\n<li><strong>Estaci\u00f3n M\u00e9dica Rural Talami<\/strong><\/li>\n<li><strong>Estaci\u00f3n Medica Poblaci\u00f3n Ignacio Carrera Pinto<\/strong><\/li>\n<\/ul>\n<p>Fono: 942273173<\/p>\n","protected":false},"excerpt":{"rendered":"<p>Directivos: Director: Gabriel Jim\u00e9nez Caama\u00f1o director.salud@comunaalhue.cl Secretaria: \u00a0Maria Soledad\u00a0 Mart\u00ednez Contreras departamento.salud@comunaalhue.cl Sub direcci\u00f3n t\u00e9cnica: Catalina Aguayo Lorca Saludalhue.some@gmail.com Subdirecci\u00f3n Administrativa: Pur\u00edsima L\u00f3pez Cisternas departamento.salud@comunaalhue.cl Directora CECOSF Hacienda Alhu\u00e9 Denise Ruz L\u00f3pez cecosf@comunaalhue.cl MISI\u00d3N: \u201cSomos un sistema de salud primaria municipal docente asistencial, con enfoque familiar y comunitario, que acoge, gu\u00eda y acompa\u00f1a a las familias durante todas las etapas de su ciclo vital, interviniendo adem\u00e1s en el proceso de salud-enfermedad, otorgando una atenci\u00f3n de calidad, oportuna, participativa, equitativa e inclusiva, en un ambiente de respeto y dignidad\u201d. VISI\u00d3N:\u00a0 \u201cSer&hellip;<\/p>\n","protected":false},"author":1,"featured_media":0,"parent":0,"menu_order":0,"comment_status":"closed","ping_status":"open","template":"","meta":{"footnotes":""},"class_list":["post-221","page","type-page","status-publish","hentry"],"_links":{"self":[{"href":"https:\/\/municipalidadalhue.cl\/portal\/wp-json\/wp\/v2\/pages\/221","targetHints":{"allow":["GET"]}}],"collection":[{"href":"https:\/\/municipalidadalhue.cl\/portal\/wp-json\/wp\/v2\/pages"}],"about":[{"href":"https:\/\/municipalidadalhue.cl\/portal\/wp-json\/wp\/v2\/types\/page"}],"author":[{"embeddable":true,"href":"https:\/\/municipalidadalhue.cl\/portal\/wp-json\/wp\/v2\/users\/1"}],"replies":[{"embeddable":true,"href":"https:\/\/municipalidadalhue.cl\/portal\/wp-json\/wp\/v2\/comments?post=221"}],"version-history":[{"count":5,"href":"https:\/\/municipalidadalhue.cl\/portal\/wp-json\/wp\/v2\/pages\/221\/revisions"}],"predecessor-version":[{"id":18719,"href":"https:\/\/municipalidadalhue.cl\/portal\/wp-json\/wp\/v2\/pages\/221\/revisions\/18719"}],"wp:attachment":[{"href":"https:\/\/municipalidadalhue.cl\/portal\/wp-json\/wp\/v2\/media?parent=221"}],"curies":[{"name":"wp","href":"https:\/\/api.w.org\/{rel}","templated":true}]}}