{"id":223,"date":"2013-08-05T01:17:12","date_gmt":"2013-08-05T01:17:12","guid":{"rendered":"http:\/\/municipalidadalhue.cl\/portal\/?page_id=223"},"modified":"2024-12-17T15:03:29","modified_gmt":"2024-12-17T15:03:29","slug":"departamento-de-obras","status":"publish","type":"page","link":"https:\/\/municipalidadalhue.cl\/portal\/departamento-de-obras\/","title":{"rendered":"Direcci\u00f3n de Obras"},"content":{"rendered":"<p><a href=\"https:\/\/municipalidadalhue.cl\/portal\/wp-content\/uploads\/2024\/12\/IMG-20240425-WA0171.jpg\"><img fetchpriority=\"high\" decoding=\"async\" class=\"alignnone size-medium wp-image-18780\" src=\"https:\/\/municipalidadalhue.cl\/portal\/wp-content\/uploads\/2024\/12\/IMG-20240425-WA0171-548x365.jpg\" alt=\"\" width=\"548\" height=\"365\" srcset=\"https:\/\/municipalidadalhue.cl\/portal\/wp-content\/uploads\/2024\/12\/IMG-20240425-WA0171-548x365.jpg 548w, https:\/\/municipalidadalhue.cl\/portal\/wp-content\/uploads\/2024\/12\/IMG-20240425-WA0171-840x560.jpg 840w, https:\/\/municipalidadalhue.cl\/portal\/wp-content\/uploads\/2024\/12\/IMG-20240425-WA0171-768x512.jpg 768w, https:\/\/municipalidadalhue.cl\/portal\/wp-content\/uploads\/2024\/12\/IMG-20240425-WA0171-1536x1024.jpg 1536w, https:\/\/municipalidadalhue.cl\/portal\/wp-content\/uploads\/2024\/12\/IMG-20240425-WA0171-2048x1365.jpg 2048w\" sizes=\"(max-width: 548px) 100vw, 548px\" \/><\/a><\/p>\n<div dir=\"auto\"><\/div>\n<div dir=\"auto\">La Direcci\u00f3n de Obras Municipales (DOM) vela por la ejecuci\u00f3n de proyectos del municipio. Entre sus funciones est\u00e1 aprobar la subdivisi\u00f3n de predios, las obras de urbanizaci\u00f3n y construcci\u00f3n; adem\u00e1s de entregar permisos de edificaci\u00f3n, fiscalizar, recibir y autorizar el uso de las obras.<\/div>\n<div dir=\"auto\">\n<p><span style=\"font-weight: 400;\">La DOM tambi\u00e9n debe asegurar el cumplimiento de las normas ambientales de las construcciones, adem\u00e1s de realizar el catastro de edificaciones en la comuna. Se preocupa por la vialidad de la comuna y dirige las construcciones de dependencia municipal.\u00a0<\/span><\/p>\n<p><span style=\"font-weight: 400;\">Resguarda tambi\u00e9n el cumplimiento de las disposiciones de la Ley General de Urbanismo y Construcci\u00f3n (LGUC), la Ordenanza General de Urbanismo y Construcci\u00f3n (OGUC), Plan Regulador Metropolitano de Santiago (PRMS), y la Ordenanza Municipal correspondiente.<\/span><\/p>\n<p><strong>Equipo\u00a0<\/strong><\/p>\n<p><span style=\"font-weight: 400;\">Rafael Curaqueo L\u00f3pez. &#8211; Director\u00a0 <\/span><span style=\"font-weight: 400;\">&#8211; Correo: obras@comunaalhue.cl<\/span><\/p>\n<p><span style=\"font-weight: 400;\">Revisi\u00f3n de Expedientes<\/span><\/p>\n<ul>\n<li style=\"font-weight: 400;\"><span style=\"font-weight: 400;\">Berta Brieba Contreras <\/span> <span style=\"font-weight: 400;\">&#8211; Arquitecta <\/span> <span style=\"font-weight: 400;\">&#8211; dom@comunaalhue.cl<\/span><\/li>\n<\/ul>\n<p><span style=\"font-weight: 400;\">Oficina Aseo y Ornato<\/span><\/p>\n<ul>\n<li style=\"font-weight: 400;\"><span style=\"font-weight: 400;\">V\u00edctor Hugo Guzm\u00e1n Espinoza- Correo: aseoyornato@comunaalhue.cl ,\u00a0 emergencias@comunaalhue.cl- +56977646502<\/span><\/li>\n<\/ul>\n<p><span style=\"font-weight: 400;\">Contacto: obras@comunaalhue.cl, dom@comunaalhue.cl, profesionaldom@comunaalhue.cl\u00a0<\/span><\/p>\n<p><span style=\"font-weight: 400;\">Tel\u00e9fono: +56 9 7764 6518 &#8211; +56 9 3922 3632<\/span><\/p>\n<\/div>\n","protected":false},"excerpt":{"rendered":"<p>La Direcci\u00f3n de Obras Municipales (DOM) vela por la ejecuci\u00f3n de proyectos del municipio. Entre sus funciones est\u00e1 aprobar la subdivisi\u00f3n de predios, las obras de urbanizaci\u00f3n y construcci\u00f3n; adem\u00e1s de entregar permisos de edificaci\u00f3n, fiscalizar, recibir y autorizar el uso de las obras. La DOM tambi\u00e9n debe asegurar el cumplimiento de las normas ambientales de las construcciones, adem\u00e1s de realizar el catastro de edificaciones en la comuna. Se preocupa por la vialidad de la comuna y dirige las construcciones de dependencia municipal.\u00a0 Resguarda tambi\u00e9n el cumplimiento de las disposiciones&hellip;<\/p>\n","protected":false},"author":1,"featured_media":0,"parent":0,"menu_order":0,"comment_status":"closed","ping_status":"open","template":"","meta":{"footnotes":""},"class_list":["post-223","page","type-page","status-publish","hentry"],"_links":{"self":[{"href":"https:\/\/municipalidadalhue.cl\/portal\/wp-json\/wp\/v2\/pages\/223","targetHints":{"allow":["GET"]}}],"collection":[{"href":"https:\/\/municipalidadalhue.cl\/portal\/wp-json\/wp\/v2\/pages"}],"about":[{"href":"https:\/\/municipalidadalhue.cl\/portal\/wp-json\/wp\/v2\/types\/page"}],"author":[{"embeddable":true,"href":"https:\/\/municipalidadalhue.cl\/portal\/wp-json\/wp\/v2\/users\/1"}],"replies":[{"embeddable":true,"href":"https:\/\/municipalidadalhue.cl\/portal\/wp-json\/wp\/v2\/comments?post=223"}],"version-history":[{"count":3,"href":"https:\/\/municipalidadalhue.cl\/portal\/wp-json\/wp\/v2\/pages\/223\/revisions"}],"predecessor-version":[{"id":18782,"href":"https:\/\/municipalidadalhue.cl\/portal\/wp-json\/wp\/v2\/pages\/223\/revisions\/18782"}],"wp:attachment":[{"href":"https:\/\/municipalidadalhue.cl\/portal\/wp-json\/wp\/v2\/media?parent=223"}],"curies":[{"name":"wp","href":"https:\/\/api.w.org\/{rel}","templated":true}]}}