{"id":225,"date":"2013-08-05T01:18:25","date_gmt":"2013-08-05T01:18:25","guid":{"rendered":"http:\/\/municipalidadalhue.cl\/portal\/?page_id=225"},"modified":"2025-10-30T19:24:07","modified_gmt":"2025-10-30T19:24:07","slug":"prodesal","status":"publish","type":"page","link":"https:\/\/municipalidadalhue.cl\/portal\/prodesal\/","title":{"rendered":"PRODESAL"},"content":{"rendered":"<h2><strong>PROGRAMA DE ACCI\u00d3N LOCAL PRODESAL<\/strong><\/h2>\r\n<p><strong>UNIDAD OPERATIVA TERRITORIAL COMUNAL<\/strong><\/p>\r\n<p><a href=\"https:\/\/municipalidadalhue.cl\/portal\/wp-content\/uploads\/2025\/02\/Cuadro-de-funcionarios-1.png\"><img fetchpriority=\"high\" decoding=\"async\" class=\"alignnone size-medium wp-image-19066\" src=\"https:\/\/municipalidadalhue.cl\/portal\/wp-content\/uploads\/2025\/02\/Cuadro-de-funcionarios-1-639x365.png\" alt=\"\" width=\"639\" height=\"365\" srcset=\"https:\/\/municipalidadalhue.cl\/portal\/wp-content\/uploads\/2025\/02\/Cuadro-de-funcionarios-1-639x365.png 639w, https:\/\/municipalidadalhue.cl\/portal\/wp-content\/uploads\/2025\/02\/Cuadro-de-funcionarios-1-840x480.png 840w, https:\/\/municipalidadalhue.cl\/portal\/wp-content\/uploads\/2025\/02\/Cuadro-de-funcionarios-1-768x439.png 768w, https:\/\/municipalidadalhue.cl\/portal\/wp-content\/uploads\/2025\/02\/Cuadro-de-funcionarios-1-1536x878.png 1536w, https:\/\/municipalidadalhue.cl\/portal\/wp-content\/uploads\/2025\/02\/Cuadro-de-funcionarios-1-2048x1170.png 2048w\" sizes=\"(max-width: 639px) 100vw, 639px\" \/><\/a><\/p>\r\n<p><strong>Fono<\/strong> : 977646545<\/p>\r\n<p><strong>Fono:<\/strong> (02)28319296 \u2013 (02)28319298<\/p>\r\n<p><strong>Correo electr\u00f3nico:<\/strong> contrapartemunicipal.prodesal@comunaalhue.cl<\/p>\r\n<h2><span style=\"color: #003366;\">Qu\u00e9\u00a0hacemos:<\/span><\/h2>\r\n<p style=\"text-align: left;\">PRODESAL es un programa de Fomento Productivo ejecutado en conjunto entre la Municipalidad de Alhu\u00e9 e INDAP, que se ofrece en forma gratuita a los peque\u00f1os agricultores y sus familias de la comuna de escaso capital, con la finalidad de mejorar su productividad agropecuaria, asociarlos en torno a una propuesta de desarrollo local integrada y generar un acercamiento desde y hacia la Municipalidad y sus diferentes programas de ayuda a la comunidad.<\/p>\r\n<p style=\"text-align: left;\">PRODESAL tiene por finalidad apoyar a los peque\u00f1os productores agr\u00edcolas y sus familias que desarrollan actividades silvoagropecuarias, en adelante agricultores, para fortalecer sus sistemas productivos y actividades conexas, procurando aumentar sus ingresos y mejorar su calidad de vida de la agricultura y su familia campesina.<\/p>\r\n<h2><span style=\"color: #003366;\">Requisitos para ser calificado como usuario de INDAP, (Art. 13 Ley 18.910 Org\u00e1nica de INDAP)<\/span><\/h2>\r\n<ul>\r\n<li>Se define como usuarios de INDAP a Toda persona cuyo ingreso proviene principalmente de una explotaci\u00f3n agr\u00edcola, que trabaja directamente la tierra bajo cualquier r\u00e9gimen de tenencia una superficie no mayor a 12 has de riego b\u00e1sico o su equivalente, y que sus activos no superen las 3.500 U.F.<\/li>\r\n<li>Documentaci\u00f3n exigible:<\/li>\r\n<li>Declaraci\u00f3n jurada simple manifestando su condici\u00f3n de cliente de INDAP. anexo 1.1 (se entrega en oficina de \u00e1rea firmada por\u00a0 el postulante).<\/li>\r\n<li>Fotocopia de cedula de identidad vigente por ambos lados.<\/li>\r\n<li>Certificado de residencia.<\/li>\r\n<li>Acreditar que tiene tierra para trabajar :<\/li>\r\n<li>Certificado de avalu\u00f3 de la propiedad con clasificaci\u00f3n de capacidad de uso de suelos. (este documento se pide en servicio de impuestos internos).<\/li>\r\n<li>Si es propietario, fotocopia simple de la Escritura de Propiedad y certificado de dominio vigente de la propiedad agr\u00edcola).<\/li>\r\n<li>Si es arrendatario, el contrato debe ser: un Contrato con validez legal (D. Ley 993)\u00a0 es decir firmado ante notario y dos testigos, indicando entre otros: fecha de inicio del contrato, fecha de t\u00e9rmino de contrato, superficie total del predio, superficie arrendada, rol del S:I:I: de la propiedad y valor del arriendo, adem\u00e1s deber\u00e1 indicarse en una cl\u00e1usula del contrato, el r\u00e9gimen de tributaci\u00f3n del ARRENDADOR, indicando si corresponde a renta fija o renta presunta.<\/li>\r\n<li>En caso de medier\u00edas, contrato firmado ante notario, indicar fecha de inicio y fecha de t\u00e9rmino de la medier\u00eda, rol de la propiedad. (Art. 13 DL.: 993)<\/li>\r\n<li>Cesi\u00f3n de terreno, usufructo, comodatos u otros similares indicar fecha de inicio y fecha de t\u00e9rmino del contrato, rol de propiedad etc. Igual al anterior.<\/li>\r\n<li>Sociedades con personalidad jur\u00eddica: deben adjuntar escritura de constituci\u00f3n, inscripci\u00f3n en el registro de comercio y balance al d\u00eda, todos los socios calificar como usuarios de INDAP.<\/li>\r\n<\/ul>\r\n<ul>\r\n<li>Visita t\u00e9cnica del equipo PRODESAL en Terreno e INDAP.<\/li>\r\n<\/ul>\r\n<ul>\r\n<li>Calificaci\u00f3n por parte de un profesional de INDAP mediante\u00a0 certificaci\u00f3n de un informe y visita en terreno\u00a0 (Art. 13 Ley 18.910 Org\u00e1nica de INDAP). En virtud de los antecedentes presentados, informe t\u00e9cnico del profesional de INDAP, mediante\u00a0 resoluci\u00f3n exenta del Jefe de \u00c1rea deber\u00e1 calificar previamente\u00a0 como <strong>USUARIO DE INDAP<\/strong> al postulante.<\/li>\r\n<\/ul>\r\n<p><em><strong>Esperar si hay cupo en la unidad operativa territorial pasar a la oficina PRODESAL para ver postulaci\u00f3n por medio de INDAP \u00e1rea MELIPILLA.<\/strong><\/em><\/p>\r\n\r\n<figure class=\"wp-block-gallery columns-0 is-cropped wp-block-gallery-1 is-layout-flex wp-block-gallery-is-layout-flex\"><\/figure>\r\n","protected":false},"excerpt":{"rendered":"<p>PROGRAMA DE ACCI\u00d3N LOCAL PRODESAL UNIDAD OPERATIVA TERRITORIAL COMUNAL Fono : 977646545 Fono: (02)28319296 \u2013 (02)28319298 Correo electr\u00f3nico: contrapartemunicipal.prodesal@comunaalhue.cl Qu\u00e9\u00a0hacemos: PRODESAL es un programa de Fomento Productivo ejecutado en conjunto entre la Municipalidad de Alhu\u00e9 e INDAP, que se ofrece en forma gratuita a los peque\u00f1os agricultores y sus familias de la comuna de escaso capital, con la finalidad de mejorar su productividad agropecuaria, asociarlos en torno a una propuesta de desarrollo local integrada y generar un acercamiento desde y hacia la Municipalidad y sus diferentes programas de ayuda a&hellip;<\/p>\n","protected":false},"author":1,"featured_media":0,"parent":0,"menu_order":0,"comment_status":"closed","ping_status":"open","template":"","meta":{"footnotes":""},"class_list":["post-225","page","type-page","status-publish","hentry"],"_links":{"self":[{"href":"https:\/\/municipalidadalhue.cl\/portal\/wp-json\/wp\/v2\/pages\/225","targetHints":{"allow":["GET"]}}],"collection":[{"href":"https:\/\/municipalidadalhue.cl\/portal\/wp-json\/wp\/v2\/pages"}],"about":[{"href":"https:\/\/municipalidadalhue.cl\/portal\/wp-json\/wp\/v2\/types\/page"}],"author":[{"embeddable":true,"href":"https:\/\/municipalidadalhue.cl\/portal\/wp-json\/wp\/v2\/users\/1"}],"replies":[{"embeddable":true,"href":"https:\/\/municipalidadalhue.cl\/portal\/wp-json\/wp\/v2\/comments?post=225"}],"version-history":[{"count":4,"href":"https:\/\/municipalidadalhue.cl\/portal\/wp-json\/wp\/v2\/pages\/225\/revisions"}],"predecessor-version":[{"id":19967,"href":"https:\/\/municipalidadalhue.cl\/portal\/wp-json\/wp\/v2\/pages\/225\/revisions\/19967"}],"wp:attachment":[{"href":"https:\/\/municipalidadalhue.cl\/portal\/wp-json\/wp\/v2\/media?parent=225"}],"curies":[{"name":"wp","href":"https:\/\/api.w.org\/{rel}","templated":true}]}}