{"id":229,"date":"2013-08-05T01:21:42","date_gmt":"2013-08-05T01:21:42","guid":{"rendered":"http:\/\/municipalidadalhue.cl\/portal\/?page_id=229"},"modified":"2025-10-30T19:22:20","modified_gmt":"2025-10-30T19:22:20","slug":"departamento-social","status":"publish","type":"page","link":"https:\/\/municipalidadalhue.cl\/portal\/departamento-social\/","title":{"rendered":"Ayudas Sociales"},"content":{"rendered":"<h2><span style=\"font-size: 24px; font-weight: bold;\">Objetivo:<\/span><\/h2>\n<p style=\"text-align: justify;\"><span style=\"font-weight: 400;\">La oficina de Ayudas Sociales de la Ilustre Municipalidad de Alhu\u00e9 tiene como prop\u00f3sito principal entregar un apoyo permanente y las herramientas necesarias a los habitantes de nuestra comuna que presenten alguna situaci\u00f3n de vulnerabilidad, con el fin mejorar la calidad de vida.<\/span><\/p>\n<p style=\"text-align: justify;\"><span style=\"font-weight: 400;\">Esta oficina est\u00e1 orientada en la gesti\u00f3n y articulaci\u00f3n de los diversos programas que el Estado de Chile ha dise\u00f1ado para apoyar en situaciones de vulnerabilidad. As\u00ed, la oficina se encarga de ser el nexo entre estas pol\u00edticas p\u00fablicas y las personas, quienes pueden acceder a los beneficios del pa\u00eds. Adem\u00e1s, es el encargado de ejecutar los Programas Sociales Comunales. En este sentido el equipo profesional realiza atenciones de manera espont\u00e1nea y se acoge los requerimientos \u00a0 que aquejan a los vecinos tratando de darlas el apoyo y las herramientas necesitas en la gesti\u00f3n de su problem\u00e1tica.\u00a0\u00a0<\/span><\/p>\n<p><b>Programas Sociales Comunales<\/b><\/p>\n<ul>\n<li style=\"font-weight: 400;\" aria-level=\"1\"><span style=\"font-weight: 400;\">Programa de Pasaje<\/span><\/li>\n<li style=\"font-weight: 400;\" aria-level=\"1\"><span style=\"font-weight: 400;\">Programa Mejoramiento de Vivienda<\/span><\/li>\n<li style=\"font-weight: 400;\" aria-level=\"1\"><span style=\"font-weight: 400;\">Programa de Servicios Funerarios<\/span><\/li>\n<li style=\"font-weight: 400;\" aria-level=\"1\"><span style=\"font-weight: 400;\">Programa Adulto Mayor<\/span><\/li>\n<li style=\"font-weight: 400;\" aria-level=\"1\"><span style=\"font-weight: 400;\">Imprevistos<\/span><\/li>\n<li style=\"font-weight: 400;\" aria-level=\"1\"><span style=\"font-weight: 400;\">Programa de Emergencia<\/span><\/li>\n<li style=\"font-weight: 400;\" aria-level=\"1\"><span style=\"font-weight: 400;\">Programa de Mediaguas<\/span><\/li>\n<li style=\"font-weight: 400;\" aria-level=\"1\"><span style=\"font-weight: 400;\">Programa de Canasta familiar<\/span><\/li>\n<li style=\"font-weight: 400;\" aria-level=\"1\"><span style=\"font-weight: 400;\">Programa Di\u00e1lisis<\/span><\/li>\n<li style=\"font-weight: 400;\" aria-level=\"1\"><span style=\"font-weight: 400;\">Programa Transporte Jard\u00edn infantil.<\/span><\/li>\n<li style=\"font-weight: 400;\" aria-level=\"1\"><span style=\"font-weight: 400;\">Programa de Acompa\u00f1amiento Integral Social para personas en Situaci\u00f3n de disparidad<\/span><\/li>\n<li style=\"font-weight: 400;\" aria-level=\"1\"><span style=\"font-weight: 400;\">Programa Transporte Santiago- Melipilla<\/span><\/li>\n<li style=\"font-weight: 400;\" aria-level=\"1\"><span style=\"font-weight: 400;\">Programa Otros Gastos<\/span><\/li>\n<li style=\"font-weight: 400;\" aria-level=\"1\"><span style=\"font-weight: 400;\">Programa Limpia Fosa<\/span><\/li>\n<li style=\"font-weight: 400;\" aria-level=\"1\"><span style=\"font-weight: 400;\">Programa de Ayudas T\u00e9cnicas para Personas en Situaci\u00f3n de Discapacidad y\/o Adultos Mayores.<\/span><\/li>\n<\/ul>\n<p><b>Programas de Vivienda: <\/b><span style=\"font-weight: 400;\">La oficina de vivienda tiene como principal objetivo orientar y apoyar a la comunidad en diferentes temas relacionado a:\u00a0<\/span><\/p>\n<ul>\n<li style=\"font-weight: 400;\" aria-level=\"1\"><span style=\"font-weight: 400;\">Subsidios Habitacionales<\/span><\/li>\n<li style=\"font-weight: 400;\" aria-level=\"1\"><span style=\"font-weight: 400;\">Programa Patrimonio Familiar<\/span><\/li>\n<li style=\"font-weight: 400;\" aria-level=\"1\"><span style=\"font-weight: 400;\">Regulaci\u00f3n de Dominio Vigente<\/span><\/li>\n<li style=\"font-weight: 400;\" aria-level=\"1\"><span style=\"font-weight: 400;\">Coordinaci\u00f3n de trabajos voluntarios\u00a0<\/span><\/li>\n<\/ul>\n<p><b>Programa Seguridad y Oportunidad<\/b><\/p>\n<p><b>Es un beneficio no postularle enfocado en brindar apoyo integral y continuo a la persona y la familia m\u00e1s vulnerables, en la comuna contamos con:\u00a0<\/b><\/p>\n<p style=\"text-align: justify;\"><b>Programa V\u00ednculos<\/b><span style=\"font-weight: 400;\">: consiste en el acompa\u00f1amiento para las personas mayores de 65 a\u00f1os que ingresan al nuevo subsistema de seguridad y oportunidades, entreg\u00e1ndoles herramientas psicosociales que permiten fortalecer su identidad, autonom\u00eda, y sentido de pertenencia, el apoyo psicosocial es individual y grupal. El acompa\u00f1amiento es directo y personalizado en el lugar donde habitan las personas mayores.\u00a0<\/span><\/p>\n<p style=\"text-align: justify;\"><span style=\"font-weight: 400;\">El programa promueve el proceso de vinculaci\u00f3n de las personas mayores al entorno y entrega bonos de protecci\u00f3n y prestaciones monetarias.\u00a0<\/span><\/p>\n<p style=\"text-align: justify;\"><b>Acompa\u00f1amiento Familiar Integral: <\/b><span style=\"font-weight: 400;\">Es un programa, que busca promover que las familias superen su condici\u00f3n de extrema pobreza. Donde el programa trabaja 12 meses con un acompa\u00f1amiento Psicosocial que les permite a las familias la identificaci\u00f3n, desarrollo y fortalecimiento de sus propios recursos y capacidades que le permitan a la familia mejorar sus condiciones de vida, por otra parte el acompa\u00f1amiento socio laboral <\/span><span style=\"font-weight: 400;\">busca mejorar las capacidades de la persona para que pueda activar o fortalecer su estrategia generadora de ingresos.<\/span><\/p>\n<p style=\"text-align: justify;\"><span style=\"font-weight: 400;\">A su vez, el programa <\/span><span style=\"font-weight: 400;\">busca el desarrollo de habilidades y capacidades que les permitan a las personas y familias su inclusi\u00f3n social y desenvolvimiento aut\u00f3nomo.<\/span><\/p>\n<p><b>Apoyo en la coordinaci\u00f3n de proyectos:<\/b><\/p>\n<ul>\n<li style=\"font-weight: 400;\" aria-level=\"1\"><span style=\"font-weight: 400;\">Yo emprendo Semilla<\/span><\/li>\n<li style=\"font-weight: 400;\" aria-level=\"1\"><span style=\"font-weight: 400;\">Apoyo a la Din\u00e1mica Familiar.<\/span><\/li>\n<li style=\"font-weight: 400;\" aria-level=\"1\"><span style=\"font-weight: 400;\">Autoconsumo<\/span><\/li>\n<li style=\"font-weight: 400;\" aria-level=\"1\"><span style=\"font-weight: 400;\">Habitabilidad<\/span><\/li>\n<\/ul>\n<p><b>Sistema de Apoyo a la Selecci\u00f3n de Usuarios de Prestaciones Sociales (Registro Social de Hogares)<\/b><\/p>\n<p><span style=\"font-weight: 400;\">Es un sistema de informaci\u00f3n cuyo fin apoyar los procesos de selecci\u00f3n de beneficiarios de un conjunto amplio de subsidios y programas sociales, modificado seg\u00fan dictamen Decreto Supremo N\u00b0 22 de 2015 del Ministerio de Desarrollo Social, reemplazando la ficha de protecci\u00f3n social por Registro social de Hogares, entrando en vigencia en enero del 2016<\/span><\/p>\n<p><span style=\"font-weight: 400;\">El este sistema entro en vigencia en enero del 2016 los cuales consta de los siguientes componentes:<\/span><\/p>\n<p><span style=\"font-weight: 400;\">Este instrumento ser\u00e1 construido en base a:<\/span><\/p>\n<ul>\n<li style=\"font-weight: 400;\" aria-level=\"1\"><span style=\"font-weight: 400;\">Bases de datos administrativas extra\u00eddas de Fichad e protecci\u00f3n social\u00a0<\/span><\/li>\n<li style=\"font-weight: 400;\" aria-level=\"1\"><span style=\"font-weight: 400;\">Auto reporte del ciudadano<\/span><\/li>\n<li style=\"font-weight: 400;\" aria-level=\"1\"><span style=\"font-weight: 400;\">Bases de datos administrativas del Estado tales como: SII, AFC, Conservador de bines\u00a0<\/span><\/li>\n<li style=\"font-weight: 400;\" aria-level=\"1\"><span style=\"font-weight: 400;\">ra\u00edces, Ministerio de Educaci\u00f3n, registro Civil entre otras.<\/span><\/li>\n<\/ul>\n<p><b>En esta oficina podr\u00e1s realizar:\u00a0<\/b><\/p>\n<p><span style=\"font-weight: 400;\">Nuevo registro social e hogares<\/span><\/p>\n<p><span style=\"font-weight: 400;\">Cambio de domicilio<\/span><\/p>\n<p><span style=\"font-weight: 400;\">Actualizaci\u00f3n del Formulario: desvinculaci\u00f3n, incorporaci\u00f3n, ingreso, ocupaci\u00f3n y rectificaciones en caso de errores.<\/span><\/p>\n<p><b>Tel\u00e9fono Social: +56-977646534 +56966172778<\/b><\/p>\n<p><b>Horario de atenci\u00f3n: lunes- jueves desde las 8:30-13:00- 14-:00 17:30 y viernes desde 8:30 a las 13:00- 14:00 a 16:30 horas<\/b><\/p>\n<p><b>\u00a0Ubicaci\u00f3n Pintor Onofre Jarpa #55<\/b><\/p>\n<p><b>PROGRAMAS SOCIALES DE GOBIERNO<\/b><\/p>\n<ul>\n<li style=\"font-weight: 400;\" aria-level=\"1\"><span style=\"font-weight: 400;\">Subsidio \u00danico Familiar<\/span><\/li>\n<li style=\"font-weight: 400;\" aria-level=\"1\"><span style=\"font-weight: 400;\">Subsidio \u00danico familiar duplo<\/span><\/li>\n<li style=\"font-weight: 400;\" aria-level=\"1\"><span style=\"font-weight: 400;\">Subsidio a la Madre<\/span><\/li>\n<li style=\"font-weight: 400;\" aria-level=\"1\"><span style=\"font-weight: 400;\">Subsidio Maternal<\/span><\/li>\n<li style=\"font-weight: 400;\" aria-level=\"1\"><span style=\"font-weight: 400;\">Pensi\u00f3n Garantizada Universal Vejez e Invalidez\u00a0<\/span><\/li>\n<li style=\"font-weight: 400;\" aria-level=\"1\"><span style=\"font-weight: 400;\">Subsidio al Consumo del Agua Potable (SAP).<\/span><\/li>\n<\/ul>\n<p><b>Se trabaja de forma coordinada con el Departamento Social Corporaci\u00f3n de Asistencia Judicial:<\/b><\/p>\n<p style=\"text-align: justify;\"><span style=\"font-weight: 400;\">Es un servicio p\u00fablico, descentralizado y sin fines de lucro, cuya misi\u00f3n proporcionar orientaci\u00f3n y asesor\u00eda jur\u00eddica a todas las personas que as\u00ed lo requiera, y patrocinar judicialmente de manera profesional y gratuita a quienes no cuente con los recursos para hacerlo.<\/span><\/p>\n<p><span style=\"font-weight: 400;\">Los servicios que entrega la\u00a0<\/span><b>Corporaci\u00f3n de Asistencia Judicial<\/b><span style=\"font-weight: 400;\">\u00a0son:<\/span><\/p>\n<ul>\n<li style=\"font-weight: 400;\" aria-level=\"1\"><span style=\"font-weight: 400;\">\u00a0Prevenci\u00f3n y Proporci\u00f3n de Derechos<\/span><\/li>\n<li style=\"font-weight: 400;\" aria-level=\"1\"><span style=\"font-weight: 400;\">\u00a0Orientaci\u00f3n e Informaci\u00f3n<\/span><\/li>\n<li style=\"font-weight: 400;\" aria-level=\"1\"><span style=\"font-weight: 400;\">\u00a0 Asesor\u00eda y Patrocino Judicial<\/span><\/li>\n<li style=\"font-weight: 400;\" aria-level=\"1\"><span style=\"font-weight: 400;\">\u00a0Resoluci\u00f3n Alternativa de Conflictos (mediaci\u00f3n, conciliaci\u00f3n)<\/span><\/li>\n<li style=\"font-weight: 400;\" aria-level=\"1\"><span style=\"font-weight: 400;\">\u00a0Atenci\u00f3n Integral a V\u00edctimas de Delitos Violentos<\/span><\/li>\n<\/ul>\n<p><b>Las Principales materias que atiende la Corporaci\u00f3n de Asistencia Judicial son:<\/b><\/p>\n<ul>\n<li style=\"font-weight: 400;\" aria-level=\"1\"><span style=\"font-weight: 400;\">\u00a0Familia (divorcio, pensi\u00f3n de alimento, r\u00e9gimen comunicacional, adopci\u00f3n<\/span><\/li>\n<li style=\"font-weight: 400;\" aria-level=\"1\"><span style=\"font-weight: 400;\">Asuntos laborales (despido injustificado, prestaciones adeudas, fuero maternal)<\/span><\/li>\n<li style=\"font-weight: 400;\" aria-level=\"1\"><span style=\"font-weight: 400;\">\u00a0Materia civil (arrendamiento, posesiones efectivas testadas, recursos de protecci\u00f3n)<\/span><\/li>\n<li style=\"font-weight: 400;\" aria-level=\"1\"><span style=\"font-weight: 400;\">\u00a0Atenci\u00f3n a V\u00edctimas de Delitos Violentos (homicidios, delitos sexuales, secuestros, lesiones graves o grav\u00edsimos, robo con violencia)<\/span><\/li>\n<\/ul>\n<p><b>Fono:<\/b><span style=\"font-weight: 400;\">\u00a0+56956607748 \/\u00a0+56939420364<\/span><\/p>\n<p><b>Correo Electr\u00f3nico:<\/b><span style=\"font-weight: 400;\">\u00a0cajmetromelipilla554@gmail.com<\/span><\/p>\n","protected":false},"excerpt":{"rendered":"<p>Objetivo: La oficina de Ayudas Sociales de la Ilustre Municipalidad de Alhu\u00e9 tiene como prop\u00f3sito principal entregar un apoyo permanente y las herramientas necesarias a los habitantes de nuestra comuna que presenten alguna situaci\u00f3n de vulnerabilidad, con el fin mejorar la calidad de vida. Esta oficina est\u00e1 orientada en la gesti\u00f3n y articulaci\u00f3n de los diversos programas que el Estado de Chile ha dise\u00f1ado para apoyar en situaciones de vulnerabilidad. As\u00ed, la oficina se encarga de ser el nexo entre estas pol\u00edticas p\u00fablicas y las personas, quienes pueden acceder a&hellip;<\/p>\n","protected":false},"author":1,"featured_media":0,"parent":0,"menu_order":0,"comment_status":"closed","ping_status":"open","template":"","meta":{"footnotes":""},"class_list":["post-229","page","type-page","status-publish","hentry"],"_links":{"self":[{"href":"https:\/\/municipalidadalhue.cl\/portal\/wp-json\/wp\/v2\/pages\/229","targetHints":{"allow":["GET"]}}],"collection":[{"href":"https:\/\/municipalidadalhue.cl\/portal\/wp-json\/wp\/v2\/pages"}],"about":[{"href":"https:\/\/municipalidadalhue.cl\/portal\/wp-json\/wp\/v2\/types\/page"}],"author":[{"embeddable":true,"href":"https:\/\/municipalidadalhue.cl\/portal\/wp-json\/wp\/v2\/users\/1"}],"replies":[{"embeddable":true,"href":"https:\/\/municipalidadalhue.cl\/portal\/wp-json\/wp\/v2\/comments?post=229"}],"version-history":[{"count":3,"href":"https:\/\/municipalidadalhue.cl\/portal\/wp-json\/wp\/v2\/pages\/229\/revisions"}],"predecessor-version":[{"id":19966,"href":"https:\/\/municipalidadalhue.cl\/portal\/wp-json\/wp\/v2\/pages\/229\/revisions\/19966"}],"wp:attachment":[{"href":"https:\/\/municipalidadalhue.cl\/portal\/wp-json\/wp\/v2\/media?parent=229"}],"curies":[{"name":"wp","href":"https:\/\/api.w.org\/{rel}","templated":true}]}}