{"id":234,"date":"2013-08-05T01:24:53","date_gmt":"2013-08-05T01:24:53","guid":{"rendered":"http:\/\/municipalidadalhue.cl\/portal\/?page_id=234"},"modified":"2026-03-23T19:29:11","modified_gmt":"2026-03-23T19:29:11","slug":"departamento-de-finanzas-2","status":"publish","type":"page","link":"https:\/\/municipalidadalhue.cl\/portal\/departamento-de-finanzas-2\/","title":{"rendered":"Administraci\u00f3n y Finanzas"},"content":{"rendered":"<div>\n<table style=\"height: 311px; width: 723px;\" width=\"723\">\n<tbody>\n<tr>\n<td><\/td>\n<td><\/td>\n<td><\/td>\n<\/tr>\n<tr>\n<td>Director (s)<\/td>\n<td><b>Arnoldo Llanos Fuentes<\/b><\/td>\n<td>Comprasadmin@comunaalhue.cl<\/p>\n<p>Finanzas@comunaalhue.cl<\/td>\n<\/tr>\n<tr>\n<td><strong>Secretaria Director:<\/strong><\/td>\n<td>Ivonne Bravo Jerez<\/td>\n<td><span style=\"color: #000000;\">\u00a0<a style=\"color: #000000;\" href=\"mailto:ivonne.bravo@comunaalhue.cl\" target=\"_blank\" rel=\"noopener noreferrer\">Secretariafinanzas@comunaalhue.cl<\/a><\/span><\/td>\n<\/tr>\n<tr>\n<td><\/td>\n<td><\/td>\n<td><\/td>\n<\/tr>\n<tr>\n<td><\/td>\n<td><\/td>\n<td><\/td>\n<\/tr>\n<tr>\n<td><strong>\u00a0Habilitada Municipal<\/strong><\/td>\n<td>\n<p style=\"text-align: left;\">Camila Gonz\u00e1lez<\/p>\n<p style=\"text-align: left;\">\n<\/td>\n<td>Habilitada.finanzas@comunaalhue.cl<\/td>\n<\/tr>\n<tr>\n<td><strong>PERMISOS DE CIRCULACI\u00d3N\u00a0<\/strong><\/td>\n<td>\n<p style=\"text-align: left;\">Paola D\u00edaz<\/p>\n<\/td>\n<td>Permisosdecirculacion@comunaalhue.cl<\/p>\n<p>encargadapcv@comunaalhue.cl<\/td>\n<\/tr>\n<tr>\n<td><strong>UNIDAD DE COMPRAS Y ADQUISICIONES<\/strong><\/td>\n<td>\n<p style=\"text-align: left;\">Daniela Contreras<\/p>\n<p>Yenifer Sanchez<\/td>\n<td>adquisiciones@comunaalhue.cl<\/td>\n<\/tr>\n<tr>\n<td><strong>Administrativo Compras:<\/strong><\/td>\n<td>\n<p style=\"text-align: left;\">Marcelo Silva, Jos\u00e9 Plaza<\/p>\n<\/td>\n<td>Apoyo.adquisiciones@comunaalhue.cl<\/td>\n<\/tr>\n<tr>\n<td><strong>Unidad Inform\u00e1tica<\/strong><\/td>\n<td>\n<p style=\"text-align: left;\">F\u00e9lix N\u00fa\u00f1ez<\/p>\n<\/td>\n<td>Felix.nunez@comunaalhue.cl<\/td>\n<\/tr>\n<tr>\n<td><\/td>\n<td>\n<p style=\"text-align: left;\">Stefanie N\u00fa\u00f1ez, Vicente Palacio<\/p>\n<p>&nbsp;<\/td>\n<td>Informatica@comunaalhue.cl<\/td>\n<\/tr>\n<\/tbody>\n<\/table>\n<p><b>Fono Administraci\u00f3n y Finanzas:<\/b> , +56977646538<\/p>\n<p><strong>Fono Unidad de Compras<\/strong>:+56966172898<\/p>\n<p><strong>Fonos Permisos de circulaci\u00f3n<\/strong>:<br \/>\n+56940062710<br \/>\n+56948586456<br \/>\n+56966524160<br \/>\n+56966053221<\/p>\n<h2><strong>Qu\u00e9 hacemos:<\/strong><\/h2>\n<p>La Direcci\u00f3n de Administraci\u00f3n y Finanzas se encuentra definida en el art\u00edculo 27\u00ba de la Ley 18.695 Org\u00e1nica Constitucional de Municipalidades, sus principales funciones son:<\/p>\n<p><strong>\u00a0 \u00a0 \u00a0 \u00a0 \u00a0a)<\/strong>\u00a0Asesorar al Alcalde en la administraci\u00f3n del personal municipal.<\/p>\n<p><strong>\u00a0 \u00a0 \u00a0 \u00a0 \u00a0b)<\/strong>\u00a0Asesorar al alcalde en la administraci\u00f3n financiera de los bienes municipales, para lo cual le corresponde \u00a0 \u00a0 \u00a0 \u00a0 \u00a0 \u00a0 \u00a0 \u00a0espec\u00edficamente:<\/p>\n<ul>\n<li>Estudiar, calcular, proponer y regular la percepci\u00f3n de cualquier tipo de ingresos municipales;<\/li>\n<li>Colaborar con la Secretar\u00eda Comunal de Planificaci\u00f3n en la elaboraci\u00f3n del presupuesto municipal;<\/li>\n<li>Visar los derechos de pago;<\/li>\n<li>Llevar la contabilidad municipal en conformidad con las normas de la contabilidad nacional y con las instrucciones que la Contralor\u00eda General de la Republica imparta al respecto;<\/li>\n<li>Controlar la gesti\u00f3n financiera de las empresas municipales;<\/li>\n<li>Efectuar los pagos municipales, manejar la cuenta bancaria respectiva y rendir cuentas a la Contralor\u00eda General de la Rep\u00fablica;<\/li>\n<li>Recaudar y percibir los ingresos municipales que correspondan.<\/li>\n<li><strong>c)<\/strong>\u00a0Informar trimestralmente al concejo sobre el detalle mensual de los pasivos acumulados desglosando las cuentas por pagar por el municipio y las corporaciones municipales. Al efecto, dichas corporaciones deber\u00e1n informar a esta unidad acerca de su situaci\u00f3n financiera, desglosando las cuentas por pagar.<\/li>\n<li><strong>d)<\/strong>\u00a0Mantener un registro mensual, el que estar\u00e1 disponible para el conocimiento p\u00fablico, sobre el desglose de los gastos del municipio. En todo caso, cada concejal tendr\u00e1 acceso permanente a todos los gastos efectuados por la municipalidad.<\/li>\n<li><strong>e)<\/strong>\u00a0El informe trimestral y el registro mensual a que se refieren las letras c) y d) deber\u00e1n estar disponibles en la p\u00e1gina web de los municipios.<\/li>\n<\/ul>\n<\/div>\n","protected":false},"excerpt":{"rendered":"<p>Director (s) Arnoldo Llanos Fuentes Comprasadmin@comunaalhue.cl Finanzas@comunaalhue.cl Secretaria Director: Ivonne Bravo Jerez \u00a0Secretariafinanzas@comunaalhue.cl \u00a0Habilitada Municipal Camila Gonz\u00e1lez Habilitada.finanzas@comunaalhue.cl PERMISOS DE CIRCULACI\u00d3N\u00a0 Paola D\u00edaz Permisosdecirculacion@comunaalhue.cl encargadapcv@comunaalhue.cl UNIDAD DE COMPRAS Y ADQUISICIONES Daniela Contreras Yenifer Sanchez adquisiciones@comunaalhue.cl Administrativo Compras: Marcelo Silva, Jos\u00e9 Plaza Apoyo.adquisiciones@comunaalhue.cl Unidad Inform\u00e1tica F\u00e9lix N\u00fa\u00f1ez Felix.nunez@comunaalhue.cl Stefanie N\u00fa\u00f1ez, Vicente Palacio &nbsp; Informatica@comunaalhue.cl Fono Administraci\u00f3n y Finanzas: , +56977646538 Fono Unidad de Compras:+56966172898 Fonos Permisos de circulaci\u00f3n: +56940062710 +56948586456 +56966524160 +56966053221 Qu\u00e9 hacemos: La Direcci\u00f3n de Administraci\u00f3n y Finanzas se encuentra definida en el art\u00edculo 27\u00ba de la Ley 18.695&hellip;<\/p>\n","protected":false},"author":1,"featured_media":0,"parent":0,"menu_order":0,"comment_status":"closed","ping_status":"open","template":"","meta":{"footnotes":""},"class_list":["post-234","page","type-page","status-publish","hentry"],"_links":{"self":[{"href":"https:\/\/municipalidadalhue.cl\/portal\/wp-json\/wp\/v2\/pages\/234","targetHints":{"allow":["GET"]}}],"collection":[{"href":"https:\/\/municipalidadalhue.cl\/portal\/wp-json\/wp\/v2\/pages"}],"about":[{"href":"https:\/\/municipalidadalhue.cl\/portal\/wp-json\/wp\/v2\/types\/page"}],"author":[{"embeddable":true,"href":"https:\/\/municipalidadalhue.cl\/portal\/wp-json\/wp\/v2\/users\/1"}],"replies":[{"embeddable":true,"href":"https:\/\/municipalidadalhue.cl\/portal\/wp-json\/wp\/v2\/comments?post=234"}],"version-history":[{"count":4,"href":"https:\/\/municipalidadalhue.cl\/portal\/wp-json\/wp\/v2\/pages\/234\/revisions"}],"predecessor-version":[{"id":21383,"href":"https:\/\/municipalidadalhue.cl\/portal\/wp-json\/wp\/v2\/pages\/234\/revisions\/21383"}],"wp:attachment":[{"href":"https:\/\/municipalidadalhue.cl\/portal\/wp-json\/wp\/v2\/media?parent=234"}],"curies":[{"name":"wp","href":"https:\/\/api.w.org\/{rel}","templated":true}]}}