{"id":236,"date":"2013-08-05T01:25:50","date_gmt":"2013-08-05T01:25:50","guid":{"rendered":"http:\/\/municipalidadalhue.cl\/portal\/?page_id=236"},"modified":"2025-04-08T19:37:59","modified_gmt":"2025-04-08T19:37:59","slug":"departamento-de-educacion","status":"publish","type":"page","link":"https:\/\/municipalidadalhue.cl\/portal\/departamento-de-educacion\/","title":{"rendered":"Departamento de Educaci\u00f3n"},"content":{"rendered":"<h2 class=\"entry-title\"><\/h2>\n<div class=\"entry-content\">\n<p>&nbsp;<\/p>\n<table style=\"height: 244px;\" width=\"681\">\n<tbody>\n<tr>\n<td><strong>Director(s):<\/strong><\/td>\n<td>Karin Frost<\/td>\n<td><span style=\"color: #000000;\"><a style=\"color: #000000;\" href=\"mailto:educacion@comunaalhue.cl\">educacion@comunaalhue.cl<\/a><\/span><\/td>\n<\/tr>\n<tr>\n<td><strong>Secretaria:<\/strong><\/td>\n<td>Paz Bravo Jerez<\/td>\n<td>\u00a0<a href=\"mailto:secretaria@educacionalhue.cl\" target=\"_blank\" rel=\"noopener noreferrer\">secretaria@educacionalhue.cl<\/a><\/td>\n<\/tr>\n<tr>\n<td><strong>UTP\u00a0<\/strong><\/td>\n<td><\/td>\n<td><a href=\"mailto:utpcomunal@comunaalhue.cl\" target=\"_blank\" rel=\"noopener noreferrer\">utpcomunal@comunaalhue.cl<\/a><\/td>\n<\/tr>\n<tr>\n<td><b>Contadora Habilitada\u00a0<\/b><\/td>\n<td>Julia Gonz\u00e1lez Pe\u00f1a<\/td>\n<td><a href=\"mailto:jgonzalez@comunaalhue.cl\" target=\"_blank\" rel=\"noopener noreferrer\">jgonzalez@comunaalhue.cl<\/a><\/td>\n<\/tr>\n<tr>\n<td><b>Prevenci\u00f3n Escolar<\/b><\/td>\n<td>Tamara Mu\u00f1oz<\/td>\n<td><a href=\"mailto:salud@educacionalhue.cl\" target=\"_blank\" rel=\"noopener noreferrer\">infraestructura@educacionalhue.cl<\/a><\/td>\n<\/tr>\n<tr>\n<td><b>Asistente social<\/b><\/td>\n<td>Marisa Sere\u00f1o<\/td>\n<td><a href=\"mailto:social@educacionalhue.cl\" target=\"_blank\" rel=\"noopener noreferrer\">social@educacionalhue.cl<\/a><\/td>\n<\/tr>\n<tr>\n<td><b>Encargado Infraestructura<\/b><\/td>\n<td>Jorge Palacios Gonz\u00e1lez<\/td>\n<td><a href=\"mailto:marisela.sere@educacionalhue.cl\">prevencion@educacionalhue.cl<\/a><\/td>\n<\/tr>\n<tr>\n<td><strong>Encargada Compras DAEM<\/strong><\/td>\n<td>Maryluz Huerta<\/td>\n<td><a href=\"mailto:mariluz.huerta@educacionalhue.cl\">mariluz.huerta@educacionalhue.cl<\/a><\/td>\n<\/tr>\n<tr>\n<td><strong>Coordinadora Jardines Infantiles<\/strong><\/td>\n<td>Elisa C\u00f3rdoba<\/td>\n<td><a href=\"mailto:prebasicajardines@educacionalhue.cl\">prebasicajardines@educacionalhue.cl<\/a><\/td>\n<\/tr>\n<tr>\n<td>Inform\u00e1tica Educaci\u00f3n<\/td>\n<td>Stefanie N\u00fa\u00f1ez Bello<\/td>\n<td>informatica@educacionalhue.cl<\/td>\n<\/tr>\n<tr>\n<td><\/td>\n<td><\/td>\n<td><\/td>\n<\/tr>\n<tr>\n<td><\/td>\n<td><\/td>\n<td><\/td>\n<\/tr>\n<\/tbody>\n<\/table>\n<p><strong>\u00a0<\/strong><br \/>\n<strong>Tel\u00e9fono:<\/strong><\/p>\n<p><b>Fono de Administraci\u00f3n y Finanza :<\/b> +56966170572<\/p>\n<p><b>Fono de Departamento de Educaci\u00f3n:<\/b> +56977646547<\/p>\n<p><strong>Fono de oficina de Social:<\/strong> +56966173242<\/p>\n<\/div>\n<div class=\"entry-content\">\n<h3><strong><span style=\"color: #003366;\">Qu\u00e9 Hacemos:<\/span><\/strong><\/h3>\n<\/div>\n<div class=\"entry-content\"><\/div>\n<div class=\"entry-content\">\n<p style=\"text-align: justify;\">La Direcci\u00f3n del Departamento tiene como principal funci\u00f3n liderar la administraci\u00f3n, supervisi\u00f3n y coordinaci\u00f3n de la educaci\u00f3n en la comuna. Lo anterior implica tuici\u00f3n y responsabilidades directas sobre el personal docente, paradocente, administrativo, auxiliar o de servicios y, principalmente, respecto de las alumnas y alumnos y la maximizaci\u00f3n de la calidad de sus aprendizajes.<\/p>\n<p style=\"text-align: justify;\">El DAEM de Alhu\u00e9 administra el 100% de los establecimientos educacionales de la comuna. Ellos comprenden 02 jardines infantiles VTF (V\u00eda Transferencia JUNJI) y 05 establecimientos educacionales que comprenden niveles preescolares (NT1, NT2) y ense\u00f1anza general b\u00e1sica. Uno de ellos, adem\u00e1s cuenta con el nivel de ense\u00f1anza media polivalente. En consecuencia, la\u00a0 Educaci\u00f3n Municipalizada es la \u00fanica alternativa en la comuna de Alhu\u00e9, sin escuelas especiales, ni particulares.<\/p>\n<p style=\"text-align: justify;\">Este Departamento depende en lo administrativo del Municipio y en las pol\u00edticas educacionales del Ministerio de Educaci\u00f3n, supervisado por el Departamento Provincial de Educaci\u00f3n de Talagante y Melipilla.<\/p>\n<p style=\"text-align: justify;\">Establecimientos Educacionales de la Comuna<\/p>\n<p>&nbsp;<\/p>\n<table width=\"639\">\n<tbody>\n<tr>\n<td width=\"219\"><em><strong>Nombre Establecimiento<\/strong><\/em><\/td>\n<td width=\"93\"><em><strong>Ubicaci\u00f3n<\/strong><\/em><\/td>\n<td width=\"327\"><em><strong>Niveles Educacionales<\/strong><\/em><\/td>\n<\/tr>\n<tr>\n<td width=\"219\">Jard\u00edn Infantil Las Uvitas<\/td>\n<td width=\"93\">Sector rural<\/td>\n<td width=\"327\">Sala Cuna Heterog\u00e9nea<\/td>\n<\/tr>\n<tr>\n<td width=\"219\">Jard\u00edn Infantil Las Brujitas de Pichi<\/td>\n<td width=\"93\">Sector rural<\/td>\n<td width=\"327\">Sala Cuna Heterog\u00e9nea<\/td>\n<\/tr>\n<tr>\n<td rowspan=\"2\" width=\"219\">Escuela Barrancas de Pichi<\/p>\n<p>&nbsp;<\/td>\n<td rowspan=\"2\" width=\"93\">Sector rural<\/p>\n<p>&nbsp;<\/td>\n<td width=\"327\">Ense\u00f1anza pre-b\u00e1sica (NT1 y NT2)<\/td>\n<\/tr>\n<tr>\n<td width=\"327\">Ense\u00f1anza b\u00e1sica (1\u00ba a 6\u00ba a\u00f1o)<\/td>\n<\/tr>\n<tr>\n<td rowspan=\"2\" width=\"219\">Escuela El Asiento<\/p>\n<p>&nbsp;<\/td>\n<td rowspan=\"2\" width=\"93\">Sector rural<\/p>\n<p>&nbsp;<\/td>\n<td width=\"327\">Ense\u00f1anza pre-b\u00e1sica (NT1 y NT2)<\/td>\n<\/tr>\n<tr>\n<td width=\"327\">Ense\u00f1anza b\u00e1sica (1\u00ba a 8\u00ba a\u00f1o)<\/td>\n<\/tr>\n<tr>\n<td rowspan=\"2\" width=\"219\">Escuela Hacienda Alhu\u00e9<\/p>\n<p>&nbsp;<\/td>\n<td rowspan=\"2\" width=\"93\">Sector rural<\/p>\n<p>&nbsp;<\/td>\n<td width=\"327\">Ense\u00f1anza pre-b\u00e1sica (NT1 y NT2)<\/td>\n<\/tr>\n<tr>\n<td width=\"327\">Ense\u00f1anza b\u00e1sica (1\u00ba a 8\u00ba a\u00f1o)<\/td>\n<\/tr>\n<tr>\n<td rowspan=\"2\" width=\"219\">Escuela San Alfonso<\/p>\n<p>&nbsp;<\/td>\n<td rowspan=\"2\" width=\"93\">Sector rural<\/p>\n<p>&nbsp;<\/td>\n<td width=\"327\">Ense\u00f1anza pre-b\u00e1sica (NT1 y NT2)<\/td>\n<\/tr>\n<tr>\n<td width=\"327\">Ense\u00f1anza b\u00e1sica (1\u00ba a 8\u00ba a\u00f1o)<\/td>\n<\/tr>\n<tr>\n<td rowspan=\"4\" width=\"219\">Liceo Sara Troncoso<\/p>\n<p>&nbsp;<\/p>\n<p>&nbsp;<\/p>\n<p>&nbsp;<\/td>\n<td rowspan=\"4\" width=\"93\">Sector urbano<\/p>\n<p>&nbsp;<\/p>\n<p>&nbsp;<\/p>\n<p>&nbsp;<\/td>\n<td width=\"327\">Ense\u00f1anza pre-b\u00e1sica (NT1 y NT2)<\/td>\n<\/tr>\n<tr>\n<td width=\"327\">Ense\u00f1anza b\u00e1sica (1\u00ba a 8\u00ba a\u00f1o)<\/td>\n<\/tr>\n<tr>\n<td width=\"327\">Ense\u00f1anza media cient\u00edfico humanista (1\u00ba a 4\u00ba a\u00f1o)<\/td>\n<\/tr>\n<tr>\n<td width=\"327\">Ense\u00f1anza media t\u00e9cnico profesional<\/td>\n<\/tr>\n<\/tbody>\n<\/table>\n<p><strong>Misi\u00f3n:<\/strong><\/p>\n<p style=\"text-align: justify;\">\u201cEl Sistema Educativo Municipal de la Comuna de Alhu\u00e9 promueve una educaci\u00f3n inclusiva e integral para todos los estudiantes del territorio, ofreci\u00e9ndoles herramientas para participar exitosa y activamente de las oportunidades y desaf\u00edos de la sociedad, ampliando al m\u00e1ximo sus posibilidades de construcci\u00f3n de proyecto de vida deseado y de realizaci\u00f3n personal en todos los \u00e1mbitos.\u201d<\/p>\n<p style=\"text-align: justify;\"><strong>Visi\u00f3n:<\/strong><\/p>\n<p style=\"text-align: justify;\">\u201cLa Educaci\u00f3n Municipal de la comuna de Alhu\u00e9 ofrece oportunidades de formaci\u00f3n para todas las personas del territorio, promoviendo procesos de ense\u00f1anza- aprendizaje, que responde eficazmente a la diversidad y fomentan la integridad, con un soporte de recurso humano altamente competente y profesional, y de recursos materiales pertinentes y de calidad.<\/p>\n<p style=\"text-align: justify;\">La gesti\u00f3n educativa reconoce y promueve las particularidades de la Educaci\u00f3n Rural, la identidad propia de cada establecimiento, cuyos sellos institucionales se sustentan en la preservaci\u00f3n de la cultura local, el folclore y sus ra\u00edces y la protecci\u00f3n, cuidado del medio ambiente, la expresi\u00f3n art\u00edstica y una escuela inclusiva con oportunidades para todos.<\/p>\n<p style=\"text-align: justify;\">El sentido de pertenencia de sus miembros se basa en principios de comunicaci\u00f3n clara, participaci\u00f3n de los actores y orientaci\u00f3n de la acci\u00f3n para la mejora continua desde los niveles parvularios hasta la ense\u00f1anza media.<\/p>\n<p style=\"text-align: justify;\">Se busca que todos los actores de la comunidad educativa se encuentren comprometidos con los desaf\u00edos de aprendizaje de sus estudiantes y vinculados activamente al sistema educacional, consolidando el clima de respeto, tolerancia y entendimiento.\u201d<\/p>\n<p>&nbsp;<\/p>\n<p>Para obtener mayor informaci\u00f3n puede acceder a\u00a0<a href=\"http:\/\/www.educacionalhue.cl\/\">www.educacionalhue.cl<\/a><\/p>\n<\/div>\n","protected":false},"excerpt":{"rendered":"<p>&nbsp; Director(s): Karin Frost educacion@comunaalhue.cl Secretaria: Paz Bravo Jerez \u00a0secretaria@educacionalhue.cl UTP\u00a0 utpcomunal@comunaalhue.cl Contadora Habilitada\u00a0 Julia Gonz\u00e1lez Pe\u00f1a jgonzalez@comunaalhue.cl Prevenci\u00f3n Escolar Tamara Mu\u00f1oz infraestructura@educacionalhue.cl Asistente social Marisa Sere\u00f1o social@educacionalhue.cl Encargado Infraestructura Jorge Palacios Gonz\u00e1lez prevencion@educacionalhue.cl Encargada Compras DAEM Maryluz Huerta mariluz.huerta@educacionalhue.cl Coordinadora Jardines Infantiles Elisa C\u00f3rdoba prebasicajardines@educacionalhue.cl Inform\u00e1tica Educaci\u00f3n Stefanie N\u00fa\u00f1ez Bello informatica@educacionalhue.cl \u00a0 Tel\u00e9fono: Fono de Administraci\u00f3n y Finanza : +56966170572 Fono de Departamento de Educaci\u00f3n: +56977646547 Fono de oficina de Social: +56966173242 Qu\u00e9 Hacemos: La Direcci\u00f3n del Departamento tiene como principal funci\u00f3n liderar la administraci\u00f3n, supervisi\u00f3n y coordinaci\u00f3n de&hellip;<\/p>\n","protected":false},"author":1,"featured_media":0,"parent":0,"menu_order":0,"comment_status":"closed","ping_status":"open","template":"","meta":{"footnotes":""},"class_list":["post-236","page","type-page","status-publish","hentry"],"_links":{"self":[{"href":"https:\/\/municipalidadalhue.cl\/portal\/wp-json\/wp\/v2\/pages\/236","targetHints":{"allow":["GET"]}}],"collection":[{"href":"https:\/\/municipalidadalhue.cl\/portal\/wp-json\/wp\/v2\/pages"}],"about":[{"href":"https:\/\/municipalidadalhue.cl\/portal\/wp-json\/wp\/v2\/types\/page"}],"author":[{"embeddable":true,"href":"https:\/\/municipalidadalhue.cl\/portal\/wp-json\/wp\/v2\/users\/1"}],"replies":[{"embeddable":true,"href":"https:\/\/municipalidadalhue.cl\/portal\/wp-json\/wp\/v2\/comments?post=236"}],"version-history":[{"count":3,"href":"https:\/\/municipalidadalhue.cl\/portal\/wp-json\/wp\/v2\/pages\/236\/revisions"}],"predecessor-version":[{"id":19152,"href":"https:\/\/municipalidadalhue.cl\/portal\/wp-json\/wp\/v2\/pages\/236\/revisions\/19152"}],"wp:attachment":[{"href":"https:\/\/municipalidadalhue.cl\/portal\/wp-json\/wp\/v2\/media?parent=236"}],"curies":[{"name":"wp","href":"https:\/\/api.w.org\/{rel}","templated":true}]}}