{"id":240,"date":"2013-08-05T01:28:49","date_gmt":"2013-08-05T01:28:49","guid":{"rendered":"http:\/\/municipalidadalhue.cl\/portal\/?page_id=240"},"modified":"2024-12-04T19:34:53","modified_gmt":"2024-12-04T19:34:53","slug":"dideco","status":"publish","type":"page","link":"https:\/\/municipalidadalhue.cl\/portal\/dideco\/","title":{"rendered":"DIDECO"},"content":{"rendered":"<p>El equipo DIDECO est\u00e1 conformado por 6 Departamentos municipales: Departamento de Acci\u00f3n Comunitaria, Departamento Social, Centro Comunitario de Rehabilitaci\u00f3n (CCR) y Desarrollo Sustentable que lo conforman Programa de Desarrollo Local (PRODESAL), \u00a0Oficina de Medio Ambiente y\u00a0 Oficina de Desarrollo Econ\u00f3mico Local (ODEL).<\/p>\n<div class=\"entry-content\">\n<h2><strong>Qu\u00e9 Hacemos:<\/strong><\/h2>\n<p>Direcci\u00f3n de Desarrollo Comunitario (DIDECO) de la Ilustre Municipalidad de Alhu\u00e9 tiene como principal misi\u00f3n\u00a0el trabajar con la comunidad, con servicio, creando instancias de participaci\u00f3n y fortaleciendo las \u00e1reas sociales y productivas, con el objetivo de mejorar la calidad de vida de nuestra ciudadan\u00eda y potenciar el capital social de nuestra comuna.<\/p>\n<p>DIDECO est\u00e1 orientada principalmente a generar iniciativas tendientes al desarrollo de los individuos y de la comunidad, con una mirada integral y seg\u00fan la normativa vigente corresponde a esta Direcci\u00f3n liderar los procesos relativos al \u00e1rea social y productiva del Municipio.<\/p>\n<\/div>\n<div class=\"entry-content\">\n<p><strong>Fondos de Administraci\u00f3n DIDECO<\/strong><\/p>\n<ul>\n<li>2% Deporte, Fondo Nacional de Desarrollo Regional (FNDR)<\/li>\n<li>Programa V\u00ednculos, SENAMA<\/li>\n<li>Programa de Habitabilidad, FOSIS-MDS<\/li>\n<li>Programa Din\u00e1mica Familiar, FOSIS<\/li>\n<li>Plan Comunal de Promoci\u00f3n de Salud,<\/li>\n<li>Fondo de Inversiones de Apoyo al Desarrollo Infantil (FIADI)<\/li>\n<li>Programa de Fortalecimiento Municipal<\/li>\n<li>Programa Autoconsumo, FOSIS<\/li>\n<li>Fondo de Desarrollo para Uniones Comunales de Juntas de Vecinos, Uniones Comunales de Adultos Mayores, Liga Deportiva y Cultura Alhu\u00e9, I. Municipalidad de Alhu\u00e9<\/li>\n<li>Fondo de Desarrollo Vecinal, I. Municipalidad de Alhu\u00e9<\/li>\n<li>Habilitaci\u00f3n de Espacios P\u00fablicos Infantiles Comunitarios<\/li>\n<\/ul>\n<p><strong>Proyectos y Fondos Concursables para postular desde organizaciones sociales, Ong\u00b4s, Corporaciones, Municipalidades.<\/strong><\/p>\n<ul>\n<li>Fondo de Inversi\u00f3n Local (FIL)<\/li>\n<li>Proyectos Senama<\/li>\n<li>Fondo de Desarrollo para Uniones Comunales de Juntas de Vecinos, Uniones Comunales de Adultos Mayores, Liga Deportiva y Cultura Alhu\u00e9<\/li>\n<li>Fondo de Desarrollo Vecinal (FONDEVE)<\/li>\n<li>Fondos de Protecci\u00f3n Ambiental (FPA)<\/li>\n<li>Fondo de Fortalecimiento de las Organizaciones de Inter\u00e9s P\u00fablico.<\/li>\n<li>Fondo Nacional de Seguridad P\u00fablica.<\/li>\n<li>Fondo 2% de Deporte del Gobierno Regional Metropolitano.<\/li>\n<li>Fondo 2% de Cultura del Gobierno Regional Metropolitano.<\/li>\n<li>Fondo 2% de Seguridad Ciudadana del Gobierno Regional Metropolitano.<\/li>\n<li>Proyectos FOSIS (Yo Emprendo (b\u00e1sico, avanzado)<\/li>\n<li>Proyectos FOSIS (Yo emprendo en comunidad, Yo emprendo adulto mayor, Programa de Autoconsumo).<\/li>\n<li>Proyectos SERCOTEC: capital abeja, capital semilla, IDM, IDT<\/li>\n<li>Fondo Nacional de Desarrollo Cultural y las Artes (FONDART), CNCA<\/li>\n<\/ul>\n<ul>\n<li>Fondo Audiovisual, CNCA<\/li>\n<li>Fondo de la M\u00fasica, CNCA<\/li>\n<li>Fondo el Libro y la Lectura, CNCA<\/li>\n<li>Fondo Social<\/li>\n<li>Programa de las Naciones Unidas por el Desarrollo<\/li>\n<li>Entre otros proyectos y fondos de financiamientos<\/li>\n<\/ul>\n<p><strong>Equipo<\/strong><\/p>\n<p>Mar\u00eda Eugenia Alarc\u00f3n Huerta &#8211; Directora<\/p>\n<p>Tel\u00e9fono:\u00a0 +56 9 77646532<br \/>\nE-mail:\u00a0dideco@comunaalhue.cl<\/p>\n<p>Oficina Discapacidad +56966170717<\/p>\n<p style=\"text-align: center;\"><strong>Para mayor informaci\u00f3n acercarse a la I. Municipalidad de Alhu\u00e9 a los Departamentos de DIDECO o visitar el sitio web <a href=\"http:\/\/www.fondosconcursables.cl\">http:\/\/www.fondosconcursables.cl<\/a> <\/strong><\/p>\n<\/div>\n","protected":false},"excerpt":{"rendered":"<p>El equipo DIDECO est\u00e1 conformado por 6 Departamentos municipales: Departamento de Acci\u00f3n Comunitaria, Departamento Social, Centro Comunitario de Rehabilitaci\u00f3n (CCR) y Desarrollo Sustentable que lo conforman Programa de Desarrollo Local (PRODESAL), \u00a0Oficina de Medio Ambiente y\u00a0 Oficina de Desarrollo Econ\u00f3mico Local (ODEL). Qu\u00e9 Hacemos: Direcci\u00f3n de Desarrollo Comunitario (DIDECO) de la Ilustre Municipalidad de Alhu\u00e9 tiene como principal misi\u00f3n\u00a0el trabajar con la comunidad, con servicio, creando instancias de participaci\u00f3n y fortaleciendo las \u00e1reas sociales y productivas, con el objetivo de mejorar la calidad de vida de nuestra ciudadan\u00eda y potenciar&hellip;<\/p>\n","protected":false},"author":1,"featured_media":0,"parent":0,"menu_order":0,"comment_status":"closed","ping_status":"open","template":"","meta":{"footnotes":""},"class_list":["post-240","page","type-page","status-publish","hentry"],"_links":{"self":[{"href":"https:\/\/municipalidadalhue.cl\/portal\/wp-json\/wp\/v2\/pages\/240","targetHints":{"allow":["GET"]}}],"collection":[{"href":"https:\/\/municipalidadalhue.cl\/portal\/wp-json\/wp\/v2\/pages"}],"about":[{"href":"https:\/\/municipalidadalhue.cl\/portal\/wp-json\/wp\/v2\/types\/page"}],"author":[{"embeddable":true,"href":"https:\/\/municipalidadalhue.cl\/portal\/wp-json\/wp\/v2\/users\/1"}],"replies":[{"embeddable":true,"href":"https:\/\/municipalidadalhue.cl\/portal\/wp-json\/wp\/v2\/comments?post=240"}],"version-history":[{"count":1,"href":"https:\/\/municipalidadalhue.cl\/portal\/wp-json\/wp\/v2\/pages\/240\/revisions"}],"predecessor-version":[{"id":18700,"href":"https:\/\/municipalidadalhue.cl\/portal\/wp-json\/wp\/v2\/pages\/240\/revisions\/18700"}],"wp:attachment":[{"href":"https:\/\/municipalidadalhue.cl\/portal\/wp-json\/wp\/v2\/media?parent=240"}],"curies":[{"name":"wp","href":"https:\/\/api.w.org\/{rel}","templated":true}]}}