{"id":3490,"date":"2014-12-09T14:41:40","date_gmt":"2014-12-09T14:41:40","guid":{"rendered":"http:\/\/municipalidadalhue.cl\/portal\/?page_id=3490"},"modified":"2022-03-14T19:21:27","modified_gmt":"2022-03-14T19:21:27","slug":"centro-comunitario-de-rehabilitacion-ccr","status":"publish","type":"page","link":"https:\/\/municipalidadalhue.cl\/portal\/centro-comunitario-de-rehabilitacion-ccr\/","title":{"rendered":"Centro Comunitario de Rehabilitaci\u00f3n (CCR)"},"content":{"rendered":"<p style=\"line-height: 15.6pt; background: white; margin: 10.8pt 0cm 3.6pt 0cm;\"><strong><span style=\"font-size: 10.0pt; font-family: 'Lucida Bright','serif'; color: #76923c;\"><img fetchpriority=\"high\" decoding=\"async\" class=\"alignleft size-full wp-image-6784\" src=\"http:\/\/municipalidadalhue.cl\/portal\/wp-content\/uploads\/2014\/12\/ccr.png\" alt=\"ccr\" width=\"500\" height=\"338\" srcset=\"https:\/\/municipalidadalhue.cl\/portal\/wp-content\/uploads\/2014\/12\/ccr.png 500w, https:\/\/municipalidadalhue.cl\/portal\/wp-content\/uploads\/2014\/12\/ccr-300x203.png 300w\" sizes=\"(max-width: 500px) 100vw, 500px\" \/><\/span><\/strong><\/p>\n<p style=\"line-height: 15.6pt; background: white; margin: 10.8pt 0cm 3.6pt 0cm;\"><strong><span style=\"font-size: 10.0pt; font-family: 'Lucida Bright','serif'; color: #76923c;\"><span style=\"color: #003366;\">Qui\u00e9nes Somos:<\/span><\/span><\/strong><\/p>\n<table style=\"height: 114px;\" width=\"495\">\n<tbody>\n<tr>\n<td><strong>Kinesi\u00f3logo\u00a0<\/strong><\/td>\n<td>Francisco Valdivia<\/td>\n<\/tr>\n<tr>\n<td><strong>Terapeuta Ocupacional<\/strong><\/td>\n<td>Daniela Bustos<\/td>\n<\/tr>\n<tr>\n<td><strong>MesoTerapeuta<\/strong><\/td>\n<td>Barbara Mondaca<\/td>\n<\/tr>\n<tr>\n<td><\/td>\n<td><\/td>\n<\/tr>\n<\/tbody>\n<\/table>\n<p style=\"background: white; margin: 0cm 0cm 15.0pt 0cm;\">\n<p><strong>Correo electr\u00f3nico:\u00a0<\/strong><strong>ccralhue@gmail.com \/ ccr@comunaalhue.cl<\/strong><\/p>\n<p style=\"background: white; margin: 0cm 0cm 15.0pt 0cm;\"><span style=\"color: #003366; font-size: 10pt;\"><strong><span style=\"font-family: 'Lucida Bright', serif;\">Qu\u00e9\u00a0Hacemos:<\/span><\/strong><\/span><\/p>\n<p>El Centro Comunitario de Rehabilitaci\u00f3n de la Ilustre Municipalidad de Alhu\u00e9 tiene como misi\u00f3n ser un espacio de acogida para las personas en situaci\u00f3n de discapacidad y con limitaci\u00f3n en sus funciones, integrando a la persona en situaci\u00f3n de discapacidad, a la familia, a las organizaciones sociales y a la comunidad, en el proceso de prevenci\u00f3n, tratamiento y rehabilitaci\u00f3n. Cuyos \u00e1mbitos de acci\u00f3n son la rehabilitaci\u00f3n f\u00edsica, la contenci\u00f3n emocional, la consejer\u00eda familiar y la reinserci\u00f3n social, laboral y educativa en la comunidad. Con la finalidad, de lograr una mejor calidad de vida para nuestros usuarios y sus n\u00facleos familiares.<\/p>\n<p><span style=\"color: #003366; font-size: 10pt;\"><strong><span style=\"font-family: 'Lucida Bright', serif;\">El modo de trabajo del centro:<\/span><\/strong><\/span><\/p>\n<p>Ingreso de usuarios en situaci\u00f3n de discapacidad desde Consultorio General Rural y Hospitales p\u00fablicos de la red de salud del Servicio Metropolitano Occidente (Hospital San Juan de Melipilla, Instituto Traumatol\u00f3gico, Hospital San Juan de Dios,\u00a0 Hospital Cl\u00ednico Dr. F\u00e9lix Bulnes y Telet\u00f3n)<br \/>\n<!--[endif]--><\/p>\n<p><a href=\"http:\/\/municipalidadalhue.cl\/portal\/wp-content\/uploads\/2014\/12\/flujotrabajoccr.png\"><img decoding=\"async\" class=\" wp-image-3515 aligncenter\" src=\"http:\/\/municipalidadalhue.cl\/portal\/wp-content\/uploads\/2014\/12\/flujotrabajoccr-300x168.png\" alt=\"flujotrabajoccr\" width=\"394\" height=\"221\" srcset=\"https:\/\/municipalidadalhue.cl\/portal\/wp-content\/uploads\/2014\/12\/flujotrabajoccr-300x168.png 300w, https:\/\/municipalidadalhue.cl\/portal\/wp-content\/uploads\/2014\/12\/flujotrabajoccr-1024x576.png 1024w, https:\/\/municipalidadalhue.cl\/portal\/wp-content\/uploads\/2014\/12\/flujotrabajoccr-195x110.png 195w, https:\/\/municipalidadalhue.cl\/portal\/wp-content\/uploads\/2014\/12\/flujotrabajoccr-900x506.png 900w, https:\/\/municipalidadalhue.cl\/portal\/wp-content\/uploads\/2014\/12\/flujotrabajoccr.png 1280w\" sizes=\"(max-width: 394px) 100vw, 394px\" \/><\/a><\/p>\n<p><a href=\"http:\/\/municipalidadalhue.cl\/portal\/wp-content\/uploads\/2014\/12\/flujoccr.png\"><img decoding=\"async\" class=\" wp-image-3517 aligncenter\" src=\"http:\/\/municipalidadalhue.cl\/portal\/wp-content\/uploads\/2014\/12\/flujoccr-300x168.png\" alt=\"flujoccr\" width=\"432\" height=\"242\" srcset=\"https:\/\/municipalidadalhue.cl\/portal\/wp-content\/uploads\/2014\/12\/flujoccr-300x168.png 300w, https:\/\/municipalidadalhue.cl\/portal\/wp-content\/uploads\/2014\/12\/flujoccr-1024x576.png 1024w, https:\/\/municipalidadalhue.cl\/portal\/wp-content\/uploads\/2014\/12\/flujoccr-195x110.png 195w, https:\/\/municipalidadalhue.cl\/portal\/wp-content\/uploads\/2014\/12\/flujoccr-900x506.png 900w, https:\/\/municipalidadalhue.cl\/portal\/wp-content\/uploads\/2014\/12\/flujoccr.png 1280w\" sizes=\"(max-width: 432px) 100vw, 432px\" \/><\/a><\/p>\n","protected":false},"excerpt":{"rendered":"<p>Qui\u00e9nes Somos: Kinesi\u00f3logo\u00a0 Francisco Valdivia Terapeuta Ocupacional Daniela Bustos MesoTerapeuta Barbara Mondaca Correo electr\u00f3nico:\u00a0ccralhue@gmail.com \/ ccr@comunaalhue.cl Qu\u00e9\u00a0Hacemos: El Centro Comunitario de Rehabilitaci\u00f3n de la Ilustre Municipalidad de Alhu\u00e9 tiene como misi\u00f3n ser un espacio de acogida para las personas en situaci\u00f3n de discapacidad y con limitaci\u00f3n en sus funciones, integrando a la persona en situaci\u00f3n de discapacidad, a la familia, a las organizaciones sociales y a la comunidad, en el proceso de prevenci\u00f3n, tratamiento y rehabilitaci\u00f3n. Cuyos \u00e1mbitos de acci\u00f3n son la rehabilitaci\u00f3n f\u00edsica, la contenci\u00f3n emocional, la consejer\u00eda familiar&hellip;<\/p>\n","protected":false},"author":1,"featured_media":0,"parent":0,"menu_order":0,"comment_status":"closed","ping_status":"closed","template":"","meta":{"footnotes":""},"class_list":["post-3490","page","type-page","status-publish","hentry"],"_links":{"self":[{"href":"https:\/\/municipalidadalhue.cl\/portal\/wp-json\/wp\/v2\/pages\/3490","targetHints":{"allow":["GET"]}}],"collection":[{"href":"https:\/\/municipalidadalhue.cl\/portal\/wp-json\/wp\/v2\/pages"}],"about":[{"href":"https:\/\/municipalidadalhue.cl\/portal\/wp-json\/wp\/v2\/types\/page"}],"author":[{"embeddable":true,"href":"https:\/\/municipalidadalhue.cl\/portal\/wp-json\/wp\/v2\/users\/1"}],"replies":[{"embeddable":true,"href":"https:\/\/municipalidadalhue.cl\/portal\/wp-json\/wp\/v2\/comments?post=3490"}],"version-history":[{"count":0,"href":"https:\/\/municipalidadalhue.cl\/portal\/wp-json\/wp\/v2\/pages\/3490\/revisions"}],"wp:attachment":[{"href":"https:\/\/municipalidadalhue.cl\/portal\/wp-json\/wp\/v2\/media?parent=3490"}],"curies":[{"name":"wp","href":"https:\/\/api.w.org\/{rel}","templated":true}]}}