{"id":3522,"date":"2014-12-09T15:01:44","date_gmt":"2014-12-09T15:01:44","guid":{"rendered":"http:\/\/municipalidadalhue.cl\/portal\/?page_id=3522"},"modified":"2014-12-09T15:01:44","modified_gmt":"2014-12-09T15:01:44","slug":"desarrollo-sustentable","status":"publish","type":"page","link":"https:\/\/municipalidadalhue.cl\/portal\/desarrollo-sustentable\/","title":{"rendered":"Desarrollo sustentable"},"content":{"rendered":"<p>Entendiendo el concepto de Desarrollo Sustentable como El desarrollo sostenible es \u201cun desarrollo que responde a las necesidades del presente, sin comprometer la capacidad de las generaciones futuras para satisfacer sus propias necesidades\u201d.<\/p>\n<p>&nbsp;<\/p>\n<p>Teniendo como principal misi\u00f3n, mejorar la calidad de vida de la poblaci\u00f3n enfocado en los \u00e1mbitos econ\u00f3mico, social y medioambiental. Esta oficina genera y define las estrategias destinadas a impulsar el desarrollo econ\u00f3mico, teniendo como base la incorporaci\u00f3n de pol\u00edticas de\u00a0 participaci\u00f3n y el cuidado del medio ambiente en el territorio, debido que \u201cPara alcanzar un desarrollo sostenible, la protecci\u00f3n del medio ambiente debe ser parte integrante del proceso global de desarrollo y no puede ser considerada de forma aislada\u201d.<\/p>\n<p>&nbsp;<\/p>\n<p>Este Departamento est\u00e1 compuesto por tres \u00e1reas de intervenci\u00f3n a la vez, quienes trabajan paralelamente su \u00e1mbito pero se relacionan entre s\u00ed en la ejecuci\u00f3n de sus labores.<\/p>\n<p style=\"text-align: center;\"><a href=\"http:\/\/municipalidadalhue.cl\/portal\/wp-content\/uploads\/2014\/12\/desarrollosustentable.png\"><img fetchpriority=\"high\" decoding=\"async\" class=\" wp-image-3523\" src=\"http:\/\/municipalidadalhue.cl\/portal\/wp-content\/uploads\/2014\/12\/desarrollosustentable-300x158.png\" alt=\"desarrollosustentable\" width=\"370\" height=\"195\" srcset=\"https:\/\/municipalidadalhue.cl\/portal\/wp-content\/uploads\/2014\/12\/desarrollosustentable-300x158.png 300w, https:\/\/municipalidadalhue.cl\/portal\/wp-content\/uploads\/2014\/12\/desarrollosustentable.png 448w\" sizes=\"(max-width: 370px) 100vw, 370px\" \/><\/a><\/p>\n<p style=\"text-align: center;\">\n<p style=\"text-align: center;\">\n","protected":false},"excerpt":{"rendered":"<p>Entendiendo el concepto de Desarrollo Sustentable como El desarrollo sostenible es \u201cun desarrollo que responde a las necesidades del presente, sin comprometer la capacidad de las generaciones futuras para satisfacer sus propias necesidades\u201d. &nbsp; Teniendo como principal misi\u00f3n, mejorar la calidad de vida de la poblaci\u00f3n enfocado en los \u00e1mbitos econ\u00f3mico, social y medioambiental. Esta oficina genera y define las estrategias destinadas a impulsar el desarrollo econ\u00f3mico, teniendo como base la incorporaci\u00f3n de pol\u00edticas de\u00a0 participaci\u00f3n y el cuidado del medio ambiente en el territorio, debido que \u201cPara alcanzar un&hellip;<\/p>\n","protected":false},"author":1,"featured_media":0,"parent":0,"menu_order":0,"comment_status":"closed","ping_status":"closed","template":"","meta":{"footnotes":""},"class_list":["post-3522","page","type-page","status-publish","hentry"],"_links":{"self":[{"href":"https:\/\/municipalidadalhue.cl\/portal\/wp-json\/wp\/v2\/pages\/3522","targetHints":{"allow":["GET"]}}],"collection":[{"href":"https:\/\/municipalidadalhue.cl\/portal\/wp-json\/wp\/v2\/pages"}],"about":[{"href":"https:\/\/municipalidadalhue.cl\/portal\/wp-json\/wp\/v2\/types\/page"}],"author":[{"embeddable":true,"href":"https:\/\/municipalidadalhue.cl\/portal\/wp-json\/wp\/v2\/users\/1"}],"replies":[{"embeddable":true,"href":"https:\/\/municipalidadalhue.cl\/portal\/wp-json\/wp\/v2\/comments?post=3522"}],"version-history":[{"count":0,"href":"https:\/\/municipalidadalhue.cl\/portal\/wp-json\/wp\/v2\/pages\/3522\/revisions"}],"wp:attachment":[{"href":"https:\/\/municipalidadalhue.cl\/portal\/wp-json\/wp\/v2\/media?parent=3522"}],"curies":[{"name":"wp","href":"https:\/\/api.w.org\/{rel}","templated":true}]}}