{"id":8889,"date":"2017-08-22T20:24:10","date_gmt":"2017-08-22T20:24:10","guid":{"rendered":"http:\/\/municipalidadalhue.cl\/portal\/?page_id=8889"},"modified":"2024-12-09T19:30:12","modified_gmt":"2024-12-09T19:30:12","slug":"administracion-municipal","status":"publish","type":"page","link":"https:\/\/municipalidadalhue.cl\/portal\/administracion-municipal\/","title":{"rendered":"Administraci\u00f3n Municipal"},"content":{"rendered":"<table style=\"height: 47px;\" width=\"732\">\n<tbody>\n<tr>\n<td><strong>Administrador<\/strong><strong>a: Massiel Mart\u00ednez Osorio<\/strong><\/td>\n<td><strong>Tel\u00e9fono:<\/strong>\u00a0 +56977646500<\/td>\n<td><strong>Email: <\/strong>administracion@comunaalhue.cl<\/td>\n<\/tr>\n<\/tbody>\n<\/table>\n<p><strong><br \/>\nAdministraci\u00f3n Municipal<\/strong> depende directamente de Alcald\u00eda y tiene por objeto coordinar, supervisar y gestionar estrat\u00e9gicamente la organizaci\u00f3n del Municipio de acuerdo a los planes y programas vigentes y a las atribuciones establecidas en este Reglamento, en la Ley y en las que delegue el Alcalde.<\/p>\n<p><strong>Encargada de Veh\u00edculos:<\/strong> Claudio Parada +56939223649<\/p>\n<p><strong>Centro de Atenci\u00f3n a familia:<\/strong> +56966173361<\/p>\n","protected":false},"excerpt":{"rendered":"<p>Administradora: Massiel Mart\u00ednez Osorio Tel\u00e9fono:\u00a0 +56977646500 Email: administracion@comunaalhue.cl Administraci\u00f3n Municipal depende directamente de Alcald\u00eda y tiene por objeto coordinar, supervisar y gestionar estrat\u00e9gicamente la organizaci\u00f3n del Municipio de acuerdo a los planes y programas vigentes y a las atribuciones establecidas en este Reglamento, en la Ley y en las que delegue el Alcalde. Encargada de Veh\u00edculos: Claudio Parada +56939223649 Centro de Atenci\u00f3n a familia: +56966173361<\/p>\n","protected":false},"author":1,"featured_media":0,"parent":0,"menu_order":0,"comment_status":"closed","ping_status":"closed","template":"","meta":{"footnotes":""},"class_list":["post-8889","page","type-page","status-publish","hentry"],"_links":{"self":[{"href":"https:\/\/municipalidadalhue.cl\/portal\/wp-json\/wp\/v2\/pages\/8889","targetHints":{"allow":["GET"]}}],"collection":[{"href":"https:\/\/municipalidadalhue.cl\/portal\/wp-json\/wp\/v2\/pages"}],"about":[{"href":"https:\/\/municipalidadalhue.cl\/portal\/wp-json\/wp\/v2\/types\/page"}],"author":[{"embeddable":true,"href":"https:\/\/municipalidadalhue.cl\/portal\/wp-json\/wp\/v2\/users\/1"}],"replies":[{"embeddable":true,"href":"https:\/\/municipalidadalhue.cl\/portal\/wp-json\/wp\/v2\/comments?post=8889"}],"version-history":[{"count":3,"href":"https:\/\/municipalidadalhue.cl\/portal\/wp-json\/wp\/v2\/pages\/8889\/revisions"}],"predecessor-version":[{"id":18729,"href":"https:\/\/municipalidadalhue.cl\/portal\/wp-json\/wp\/v2\/pages\/8889\/revisions\/18729"}],"wp:attachment":[{"href":"https:\/\/municipalidadalhue.cl\/portal\/wp-json\/wp\/v2\/media?parent=8889"}],"curies":[{"name":"wp","href":"https:\/\/api.w.org\/{rel}","templated":true}]}}