{"id":9307,"date":"2017-11-27T13:40:27","date_gmt":"2017-11-27T13:40:27","guid":{"rendered":"http:\/\/municipalidadalhue.cl\/portal\/?page_id=9307"},"modified":"2021-10-13T19:28:17","modified_gmt":"2021-10-13T19:28:17","slug":"direccion-de-control","status":"publish","type":"page","link":"https:\/\/municipalidadalhue.cl\/portal\/direccion-de-control\/","title":{"rendered":"Direcci\u00f3n de Control"},"content":{"rendered":"<table style=\"height: 165px;\" width=\"614\">\n<tbody>\n<tr>\n<td><strong>Directora (S):\u00a0<\/strong><\/td>\n<td>Catalina Armijo Huerta<\/td>\n<td>\u00a0unidad.control@comunaalhue.cl<\/td>\n<\/tr>\n<tr>\n<td><strong>Secretaria Unidad de Control<\/strong><\/td>\n<td>Claudia Galleguillos Cifuentes<\/td>\n<td><\/td>\n<\/tr>\n<\/tbody>\n<\/table>\n<p><strong>Tel\u00e9fono:<\/strong> (2)28319296 , +56939223636\u00a0 Anexo N\u00b0 11<\/p>\n<p><strong>Art. 78\u00b0 La Direcci\u00f3n de Control depende directamente del Alcalde y tiene car\u00e1cter contralor\u00a0de todas las unidades municipales; su objetivo general es verificar y controlar la legalidad en el\u00a0desarrollo de todo el accionar municipal, tomando en consideraci\u00f3n las instrucciones t\u00e9cnicas\u00a0de la Contralor\u00eda General de la Rep\u00fablica y las disposiciones legales y reglamentarias vigentes.<\/strong><\/p>\n<p><strong>Sus funciones espec\u00edficas son las siguientes;<\/strong><\/p>\n<p><i class=\"fusion-li-icon fa fa-check\">Realizar la auditor\u00eda operativa interna de la Municipalidad con el objeto de fiscalizar la\u00a0legalidad y eficiencia de su actuaci\u00f3n.<\/i><br \/>\n<i class=\"fusion-li-icon fa fa-check\">Atender los requerimientos que le formule la Contralor\u00eda General de la Rep\u00fablica, de la que\u00a0depende t\u00e9cnicamente.<\/i><br \/>\n<i class=\"fusion-li-icon fa fa-check\">Revisar rendiciones de cuenta.<\/i><br \/>\n<i class=\"fusion-li-icon fa fa-check\">Fiscalizar a las Corporaciones, Fundaciones, y Asociaciones Municipales, respecto del uso\u00a0y destino de sus recursos, pudiendo disponer de toda la informaci\u00f3n que requiera para tal\u00a0efecto<\/i><\/p>\n<p><i class=\"fusion-li-icon fa fa-check\">Realizar constataciones sobre la correcta imputaci\u00f3n de las distintas instancias que\u00a0contempla el sistema de Contabilidad Gubernamental.<\/i><br \/>\n<i class=\"fusion-li-icon fa fa-check\">Realizar ex\u00e1menes oportunos de las operaciones econ\u00f3micas y financieras municipales,\u00a0procediendo a representar al Alcalde, situaciones que no se enmarquen en el \u00e1mbito de la\u00a0legalidad vigente.<\/i><br \/>\n<i class=\"fusion-li-icon fa fa-check\">Visar los decretos alcaldicios, decretos de pago, solicitudes de compra, contratos, convenios\u00a0y otros documentos pertinentes.<\/i><br \/>\n<i class=\"fusion-li-icon fa fa-check\">Prestar asesor\u00eda al Alcalde y servir de \u00f3rgano de consulta para el resto de las unidades\u00a0municipales en lo relativo a sus funciones.<\/i><\/p>\n<p><i class=\"fusion-li-icon fa fa-check\">Controlar la ejecuci\u00f3n financiera y presupuestaria y representar al Concejo los d\u00e9ficits que\u00a0advierta en el Presupuesto Municipal, a lo menos trimestralmente.<\/i><\/p>\n<p><i class=\"fusion-li-icon fa fa-check\">Supervisar los registros e inventarios de los bienes f\u00edsicos municipales, verificando que\u00a0cuenten con los mecanismos de control que aseguren su existencia.<\/i><\/p>\n<p><i class=\"fusion-li-icon fa fa-check\">Controlar el cumplimiento y recomendar la actualizaci\u00f3n de los convenios y contratos que\u00a0comprometan la responsabilidad y\/o bienes municipales.<\/i><\/p>\n<p><i class=\"fusion-li-icon fa fa-check\">Auditar los informes y estados financieros que la Municipalidad presente interna o\u00a1\u00a0externamente con relaci\u00f3n a su exactitud, oportunidad, veracidad y utilidad.<\/i><\/p>\n<p><i class=\"fusion-li-icon fa fa-check\">Verificar el destino de los fondos entregados mediante subvenciones municipales.<\/i><\/p>\n<p><i class=\"fusion-li-icon fa fa-check\">Analizar y visar los antecedentes relativos a las bases y evaluaciones de concesiones,\u00a0licitaciones p\u00fablicas y propuestas privadas.<\/i><\/p>\n<p><i class=\"fusion-li-icon fa fa-check\">Representar al Alcalde los actos municipales cuando los estime ilegales, informando de ello\u00a0al Concejo, para cuyo objetivo tendr\u00e1 acceso a toda la\u2019 documentaci\u00f3n pertinente.<\/i><\/p>\n<p><i class=\"fusion-li-icon fa fa-check\">Asesorar al Concejo en la definici\u00f3n y evaluaci\u00f3n de la auditor\u00eda externa que aqu\u00e9l puede\u00a0requerir en virtud de la Ley.<\/i><\/p>\n","protected":false},"excerpt":{"rendered":"<p>Directora (S):\u00a0 Catalina Armijo Huerta \u00a0unidad.control@comunaalhue.cl Secretaria Unidad de Control Claudia Galleguillos Cifuentes Tel\u00e9fono: (2)28319296 , +56939223636\u00a0 Anexo N\u00b0 11 Art. 78\u00b0 La Direcci\u00f3n de Control depende directamente del Alcalde y tiene car\u00e1cter contralor\u00a0de todas las unidades municipales; su objetivo general es verificar y controlar la legalidad en el\u00a0desarrollo de todo el accionar municipal, tomando en consideraci\u00f3n las instrucciones t\u00e9cnicas\u00a0de la Contralor\u00eda General de la Rep\u00fablica y las disposiciones legales y reglamentarias vigentes. Sus funciones espec\u00edficas son las siguientes; Realizar la auditor\u00eda operativa interna de la Municipalidad con el objeto&hellip;<\/p>\n","protected":false},"author":1,"featured_media":0,"parent":0,"menu_order":0,"comment_status":"closed","ping_status":"closed","template":"","meta":{"footnotes":""},"class_list":["post-9307","page","type-page","status-publish","hentry"],"_links":{"self":[{"href":"https:\/\/municipalidadalhue.cl\/portal\/wp-json\/wp\/v2\/pages\/9307","targetHints":{"allow":["GET"]}}],"collection":[{"href":"https:\/\/municipalidadalhue.cl\/portal\/wp-json\/wp\/v2\/pages"}],"about":[{"href":"https:\/\/municipalidadalhue.cl\/portal\/wp-json\/wp\/v2\/types\/page"}],"author":[{"embeddable":true,"href":"https:\/\/municipalidadalhue.cl\/portal\/wp-json\/wp\/v2\/users\/1"}],"replies":[{"embeddable":true,"href":"https:\/\/municipalidadalhue.cl\/portal\/wp-json\/wp\/v2\/comments?post=9307"}],"version-history":[{"count":0,"href":"https:\/\/municipalidadalhue.cl\/portal\/wp-json\/wp\/v2\/pages\/9307\/revisions"}],"wp:attachment":[{"href":"https:\/\/municipalidadalhue.cl\/portal\/wp-json\/wp\/v2\/media?parent=9307"}],"curies":[{"name":"wp","href":"https:\/\/api.w.org\/{rel}","templated":true}]}}